{"id":37843,"date":"2023-01-27T11:59:39","date_gmt":"2023-01-27T15:59:39","guid":{"rendered":"https:\/\/monicavarela.com\/?post_type=product&#038;p=37843"},"modified":"2026-03-01T22:51:00","modified_gmt":"2026-03-02T02:51:00","slug":"golden-hour-drop-pin-2","status":"publish","type":"product","link":"https:\/\/monicavarela.com\/es\/product\/golden-hour-drop-pin-2\/","title":{"rendered":"Golden Hour Drop Pin Silver"},"content":{"rendered":"<p><a class=\"confirm\" href=\"https:\/\/wa.me\/18093508629?text=Hi,I%20would%20like%20to%20confirm%20availability%20of%20the%20Golden%20Hour%20Drop%20Pin\u2026https:\/\/monicavarela.com\/product\/golden-hour-drop-pin-2\" rel=\"noopener\" target=\"_blank\">Confirma Disponibilidad<\/a><\/p>","protected":false},"excerpt":{"rendered":"<p>Monica Varela Jewelry empodera a los amantes de la opulencia art\u00edstica con dise\u00f1os de vanguardia impregnados de una imaginaci\u00f3n en evoluci\u00f3n y arte abstracto. Elaborados de manera \u00e9tica por artesanos de la Rep\u00fablica Dominicana con una combinaci\u00f3n elevada de t\u00e9cnicas de joyer\u00eda tradicionales y materiales de origen sostenible.<br \/>\nnorte<span class=\"sptitle\">Pin Golden Hour Drop<\/span><\/p>","protected":false},"featured_media":37845,"template":"","meta":{"wds_primary_product_brand":0,"wds_primary_product_cat":0,"wds_primary_giftcard-category":0,"footnotes":"","_links_to":"","_links_to_target":""},"product_brand":[],"product_cat":[1007,93,1044],"product_tag":[991,993,1054,1056,980],"giftcard-category":[],"class_list":{"0":"post-37843","1":"product","2":"type-product","3":"status-publish","4":"has-post-thumbnail","6":"product_cat-shop","7":"product_cat-falie","8":"product_cat-for-him","9":"product_tag-for-her","10":"product_tag-for-him","11":"product_tag-platinum-micron-plating","12":"product_tag-silver","13":"product_tag-yes","14":"pa_by-type-brooch","15":"pa_material-925-sterling-silver","16":"pa_shop-for-babes","17":"pa_short-material-platinum-micron-plating","19":"first","20":"instock","21":"shipping-taxable","22":"purchasable","23":"product-type-simple","24":"add-to-wishlist-before_image"},"_links":{"self":[{"href":"https:\/\/monicavarela.com\/es\/wp-json\/wp\/v2\/product\/37843","targetHints":{"allow":["GET"]}}],"collection":[{"href":"https:\/\/monicavarela.com\/es\/wp-json\/wp\/v2\/product"}],"about":[{"href":"https:\/\/monicavarela.com\/es\/wp-json\/wp\/v2\/types\/product"}],"version-history":[{"count":5,"href":"https:\/\/monicavarela.com\/es\/wp-json\/wp\/v2\/product\/37843\/revisions"}],"predecessor-version":[{"id":67945,"href":"https:\/\/monicavarela.com\/es\/wp-json\/wp\/v2\/product\/37843\/revisions\/67945"}],"wp:featuredmedia":[{"embeddable":true,"href":"https:\/\/monicavarela.com\/es\/wp-json\/wp\/v2\/media\/37845"}],"wp:attachment":[{"href":"https:\/\/monicavarela.com\/es\/wp-json\/wp\/v2\/media?parent=37843"}],"wp:term":[{"taxonomy":"product_brand","embeddable":true,"href":"https:\/\/monicavarela.com\/es\/wp-json\/wp\/v2\/product_brand?post=37843"},{"taxonomy":"product_cat","embeddable":true,"href":"https:\/\/monicavarela.com\/es\/wp-json\/wp\/v2\/product_cat?post=37843"},{"taxonomy":"product_tag","embeddable":true,"href":"https:\/\/monicavarela.com\/es\/wp-json\/wp\/v2\/product_tag?post=37843"},{"taxonomy":"giftcard-category","embeddable":true,"href":"https:\/\/monicavarela.com\/es\/wp-json\/wp\/v2\/giftcard-category?post=37843"}],"curies":[{"name":"wp","href":"https:\/\/api.w.org\/{rel}","templated":true}]}}