{"id":37711,"date":"2026-02-16T11:53:17","date_gmt":"2026-02-16T15:53:17","guid":{"rendered":"https:\/\/monicavarela.com\/?post_type=product&#038;p=37711"},"modified":"2026-04-24T12:18:46","modified_gmt":"2026-04-24T16:18:46","slug":"minute-teeny-ambar-cufflinks-2","status":"publish","type":"product","link":"https:\/\/monicavarela.com\/es\/product\/minute-teeny-ambar-cufflinks-2\/","title":{"rendered":"Gemelos Minute Teeny \u00c1mbar"},"content":{"rendered":"<p><a class=\"confirm_avail2\" href=\"https:\/\/wa.me\/18093508629?text=Hi,I%20would%20like%20to%20confirm%20availability%20of%20the%20Minute%20Teeny%20Amber%20Cufflinks\u2026https:\/\/monicavarela.com\/product\/minute-teeny-ambar-cufflinks-2\" rel=\"noopener\" target=\"_blank\">Confirma Disponibilidad<\/a><\/p>","protected":false},"excerpt":{"rendered":"<p>Monica Varela Jewelry empodera al opulento en busca de piezas de arte, dise\u00f1adas con detalles vanguardistas e infundidos por una imaginaci\u00f3n evolutiva, lo abstracto y piedras semipreciosas nacionales. Hecho a mano con \u00e9tica por artesanos de la Rep\u00fablica Dominicana con una mezcla elevada de t\u00e9cnicas de joyer\u00eda tradicionales y materiales de origen sostenible.<br \/>\n<span class=\"sptitle\">Peque\u00f1os y diminutos gemelo \u00e1mbar<\/span><\/p>","protected":false},"featured_media":37720,"template":"","meta":{"wds_primary_product_brand":0,"wds_primary_product_cat":0,"wds_primary_giftcard-category":0,"footnotes":"","_links_to":"","_links_to_target":""},"product_brand":[],"product_cat":[1007,236,1044],"product_tag":[1053,1010,993,1055],"giftcard-category":[],"class_list":{"0":"post-37711","1":"product","2":"type-product","3":"status-publish","4":"has-post-thumbnail","6":"product_cat-shop","7":"product_cat-minute","8":"product_cat-for-him","9":"product_tag-18k-micron-plating","10":"product_tag-catalogo","11":"product_tag-for-him","12":"product_tag-gold","13":"pa_by-type-cufflinks","14":"pa_collection-minute-capsule","15":"pa_color-blazing-burgundy-dote-red","16":"pa_color-jazzy-green-electric-blue","17":"pa_material-18k-gold-micron-plating","18":"pa_shop-for-gents","19":"pa_short-material-18k-micron-plating","20":"pa_stone-ambar","22":"first","23":"outofstock","24":"shipping-taxable","25":"purchasable","26":"product-type-variable","27":"has-default-attributes","28":"add-to-wishlist-before_image"},"_links":{"self":[{"href":"https:\/\/monicavarela.com\/es\/wp-json\/wp\/v2\/product\/37711","targetHints":{"allow":["GET"]}}],"collection":[{"href":"https:\/\/monicavarela.com\/es\/wp-json\/wp\/v2\/product"}],"about":[{"href":"https:\/\/monicavarela.com\/es\/wp-json\/wp\/v2\/types\/product"}],"version-history":[{"count":5,"href":"https:\/\/monicavarela.com\/es\/wp-json\/wp\/v2\/product\/37711\/revisions"}],"predecessor-version":[{"id":67771,"href":"https:\/\/monicavarela.com\/es\/wp-json\/wp\/v2\/product\/37711\/revisions\/67771"}],"wp:featuredmedia":[{"embeddable":true,"href":"https:\/\/monicavarela.com\/es\/wp-json\/wp\/v2\/media\/37720"}],"wp:attachment":[{"href":"https:\/\/monicavarela.com\/es\/wp-json\/wp\/v2\/media?parent=37711"}],"wp:term":[{"taxonomy":"product_brand","embeddable":true,"href":"https:\/\/monicavarela.com\/es\/wp-json\/wp\/v2\/product_brand?post=37711"},{"taxonomy":"product_cat","embeddable":true,"href":"https:\/\/monicavarela.com\/es\/wp-json\/wp\/v2\/product_cat?post=37711"},{"taxonomy":"product_tag","embeddable":true,"href":"https:\/\/monicavarela.com\/es\/wp-json\/wp\/v2\/product_tag?post=37711"},{"taxonomy":"giftcard-category","embeddable":true,"href":"https:\/\/monicavarela.com\/es\/wp-json\/wp\/v2\/giftcard-category?post=37711"}],"curies":[{"name":"wp","href":"https:\/\/api.w.org\/{rel}","templated":true}]}}