{"id":37671,"date":"2023-01-19T14:34:48","date_gmt":"2023-01-19T18:34:48","guid":{"rendered":"https:\/\/monicavarela.com\/?post_type=product&#038;p=37671"},"modified":"2026-03-02T02:41:14","modified_gmt":"2026-03-02T06:41:14","slug":"mosaic-trinity-ring","status":"publish","type":"product","link":"https:\/\/monicavarela.com\/es\/product\/mosaic-trinity-ring\/","title":{"rendered":"Anillo Mosaic Trinity"},"content":{"rendered":"<p><a class=\"confirm_avail2\" href=\"https:\/\/wa.me\/18093508629?text=Hi,I%20would%20like%20to%20confirm%20availability%20of%20the%20Mosaic%20Trinity%20Ring\u2026https:\/\/monicavarela.com\/product\/mosaic-trinity-ring\" rel=\"noopener\" target=\"_blank\">Confirma Disponibilidad<\/a><\/p>","protected":false},"excerpt":{"rendered":"<p>Monica Varela Jewelry empodera al opulento en busca de piezas de arte, dise\u00f1adas con detalles vanguardistas e infundidos por una imaginaci\u00f3n evolutiva y lo abstracto. Hecho a mano con \u00e9tica por artesanos de la Rep\u00fablica Dominicana con una mezcla elevada de t\u00e9cnicas de joyer\u00eda tradicionales y materiales de origen sostenible.<br \/>\n<span class=\"sptitle\">Anillo Mosaic Trinity<\/span><\/p>","protected":false},"featured_media":37682,"template":"","meta":{"wds_primary_product_brand":0,"wds_primary_product_cat":0,"wds_primary_giftcard-category":0,"footnotes":"","_links_to":"","_links_to_target":""},"product_brand":[],"product_cat":[1007,585],"product_tag":[1053,1010,991,1055,934,656],"giftcard-category":[],"class_list":{"0":"post-37671","1":"product","2":"type-product","3":"status-publish","4":"has-post-thumbnail","6":"product_cat-shop","7":"product_cat-yoem","8":"product_tag-18k-micron-plating","9":"product_tag-catalogo","10":"product_tag-for-her","11":"product_tag-gold","12":"product_tag-rings","13":"product_tag-designer","14":"pa_by-type-rings","15":"pa_collection-yoem","16":"pa_color-blazing-burgundy","17":"pa_color-jazzy-green","18":"pa_color-electric-blue","19":"pa_color-dote-red","20":"pa_color-thorne-black","21":"pa_material-18k-gold-micron-plating","22":"pa_ring-size-221","23":"pa_ring-size-4-5","24":"pa_ring-size-223","25":"pa_ring-size-5-5","26":"pa_ring-size-225","27":"pa_ring-size-6-5","28":"pa_ring-size-227","29":"pa_ring-size-7-5","30":"pa_ring-size-229","31":"pa_ring-size-8-5","32":"pa_ring-size-231","33":"pa_ring-size-9-5","34":"pa_ring-size-233","35":"pa_shop-for-babes","36":"pa_short-material-18k-micron-plating","38":"first","39":"outofstock","40":"shipping-taxable","41":"purchasable","42":"product-type-variable","43":"has-default-attributes","44":"add-to-wishlist-before_image"},"_links":{"self":[{"href":"https:\/\/monicavarela.com\/es\/wp-json\/wp\/v2\/product\/37671","targetHints":{"allow":["GET"]}}],"collection":[{"href":"https:\/\/monicavarela.com\/es\/wp-json\/wp\/v2\/product"}],"about":[{"href":"https:\/\/monicavarela.com\/es\/wp-json\/wp\/v2\/types\/product"}],"version-history":[{"count":5,"href":"https:\/\/monicavarela.com\/es\/wp-json\/wp\/v2\/product\/37671\/revisions"}],"predecessor-version":[{"id":67567,"href":"https:\/\/monicavarela.com\/es\/wp-json\/wp\/v2\/product\/37671\/revisions\/67567"}],"wp:featuredmedia":[{"embeddable":true,"href":"https:\/\/monicavarela.com\/es\/wp-json\/wp\/v2\/media\/37682"}],"wp:attachment":[{"href":"https:\/\/monicavarela.com\/es\/wp-json\/wp\/v2\/media?parent=37671"}],"wp:term":[{"taxonomy":"product_brand","embeddable":true,"href":"https:\/\/monicavarela.com\/es\/wp-json\/wp\/v2\/product_brand?post=37671"},{"taxonomy":"product_cat","embeddable":true,"href":"https:\/\/monicavarela.com\/es\/wp-json\/wp\/v2\/product_cat?post=37671"},{"taxonomy":"product_tag","embeddable":true,"href":"https:\/\/monicavarela.com\/es\/wp-json\/wp\/v2\/product_tag?post=37671"},{"taxonomy":"giftcard-category","embeddable":true,"href":"https:\/\/monicavarela.com\/es\/wp-json\/wp\/v2\/giftcard-category?post=37671"}],"curies":[{"name":"wp","href":"https:\/\/api.w.org\/{rel}","templated":true}]}}