{"id":37267,"date":"2026-02-16T11:52:09","date_gmt":"2026-02-16T15:52:09","guid":{"rendered":"https:\/\/monicavarela.com\/?post_type=product&#038;p=37267"},"modified":"2026-03-02T02:41:16","modified_gmt":"2026-03-02T06:41:16","slug":"tara-cuff","status":"publish","type":"product","link":"https:\/\/monicavarela.com\/es\/product\/tara-cuff\/","title":{"rendered":"Pulsera Tara"},"content":{"rendered":"<p><a class=\"confirm_avail2\" href=\"https:\/\/wa.me\/18093508629?text=Hi,I%20would%20like%20to%20confirm%20availability%20of%20the%20Tara%20Cuff\u2026https:\/\/monicavarela.com\/product\/tara-cuff\" rel=\"noopener\" target=\"_blank\">Confirma Disponibilidad<\/a><\/p>","protected":false},"excerpt":{"rendered":"<p>Monica Varela Jewelry empodera al opulento en busca de piezas de arte, dise\u00f1adas con detalles vanguardistas e infundidos por una imaginaci\u00f3n evolutiva y lo abstracto. Hecho a mano con \u00e9tica por artesanos de la Rep\u00fablica Dominicana con una mezcla elevada de t\u00e9cnicas de joyer\u00eda tradicionales y materiales de origen sostenible.<br \/>\n<span class=\"sptitle\">Pulsera Tara<\/span><\/p>","protected":false},"featured_media":37273,"template":"","meta":{"wds_primary_product_brand":0,"wds_primary_product_cat":0,"wds_primary_giftcard-category":0,"footnotes":"","_links_to":"","_links_to_target":""},"product_brand":[],"product_cat":[1007,584],"product_tag":[991,960,1054,1056,655,959],"giftcard-category":[],"class_list":{"0":"post-37267","1":"product","2":"type-product","3":"status-publish","4":"has-post-thumbnail","6":"product_cat-shop","7":"product_cat-uluzui","8":"product_tag-for-her","9":"product_tag-giftguides","10":"product_tag-platinum-micron-plating","11":"product_tag-silver","12":"product_tag-meaningful","13":"product_tag-the-heartfelt-touch-set","14":"pa_by-type-bracelets","15":"pa_collection-uluzui","16":"pa_color-blazing-burgundy-dote-red","17":"pa_color-jazzy-green-electric-blue","18":"pa_material-925-sterling-silver","19":"pa_shop-for-babes","20":"pa_short-material-platinum-micron-plating","22":"first","23":"instock","24":"featured","25":"shipping-taxable","26":"purchasable","27":"product-type-variable","28":"has-default-attributes","29":"add-to-wishlist-before_image"},"_links":{"self":[{"href":"https:\/\/monicavarela.com\/es\/wp-json\/wp\/v2\/product\/37267","targetHints":{"allow":["GET"]}}],"collection":[{"href":"https:\/\/monicavarela.com\/es\/wp-json\/wp\/v2\/product"}],"about":[{"href":"https:\/\/monicavarela.com\/es\/wp-json\/wp\/v2\/types\/product"}],"version-history":[{"count":5,"href":"https:\/\/monicavarela.com\/es\/wp-json\/wp\/v2\/product\/37267\/revisions"}],"predecessor-version":[{"id":67787,"href":"https:\/\/monicavarela.com\/es\/wp-json\/wp\/v2\/product\/37267\/revisions\/67787"}],"wp:featuredmedia":[{"embeddable":true,"href":"https:\/\/monicavarela.com\/es\/wp-json\/wp\/v2\/media\/37273"}],"wp:attachment":[{"href":"https:\/\/monicavarela.com\/es\/wp-json\/wp\/v2\/media?parent=37267"}],"wp:term":[{"taxonomy":"product_brand","embeddable":true,"href":"https:\/\/monicavarela.com\/es\/wp-json\/wp\/v2\/product_brand?post=37267"},{"taxonomy":"product_cat","embeddable":true,"href":"https:\/\/monicavarela.com\/es\/wp-json\/wp\/v2\/product_cat?post=37267"},{"taxonomy":"product_tag","embeddable":true,"href":"https:\/\/monicavarela.com\/es\/wp-json\/wp\/v2\/product_tag?post=37267"},{"taxonomy":"giftcard-category","embeddable":true,"href":"https:\/\/monicavarela.com\/es\/wp-json\/wp\/v2\/giftcard-category?post=37267"}],"curies":[{"name":"wp","href":"https:\/\/api.w.org\/{rel}","templated":true}]}}