{"id":29182,"date":"2022-03-02T11:45:36","date_gmt":"2022-03-02T15:45:36","guid":{"rendered":"https:\/\/monicavarela.com\/?post_type=product&#038;p=29182"},"modified":"2026-03-08T21:24:43","modified_gmt":"2026-03-09T01:24:43","slug":"mini-venule-studs","status":"publish","type":"product","link":"https:\/\/monicavarela.com\/es\/product\/mini-venule-studs\/","title":{"rendered":"Aretes Mini Venule"},"content":{"rendered":"<p><a class=\"confirm_avail2\" href=\"https:\/\/wa.me\/18093508629?text=Hi,I%20would%20like%20to%20confirm%20availability%20of%20the%20Mini%20Venule%20Studs\u2026https:\/\/monicavarela.com\/product\/mini-venule-studs\" rel=\"noopener\" target=\"_blank\">Confirma Disponibilidad<\/a><\/p>","protected":false},"excerpt":{"rendered":"<p>Monica Varela Jewelry empodera al opulento en busca de piezas de arte, dise\u00f1adas con detalles vanguardistas e infundidos por una imaginaci\u00f3n evolutiva y lo abstracto. Hecho a mano con \u00e9tica por artesanos de la Rep\u00fablica Dominicana con una mezcla elevada de t\u00e9cnicas de joyer\u00eda tradicionales y materiales de origen sostenible.<br \/>\n<span class=\"sptitle\">Mini aretes de venule<\/span><\/p>","protected":false},"featured_media":37084,"template":"","meta":{"wds_primary_product_brand":0,"wds_primary_product_cat":0,"wds_primary_giftcard-category":0,"footnotes":"","_links_to":"","_links_to_target":""},"product_brand":[],"product_cat":[1007,458],"product_tag":[1053,1010,991,987,1067,1055],"giftcard-category":[],"class_list":{"0":"post-29182","1":"product","2":"type-product","3":"status-publish","4":"has-post-thumbnail","6":"product_cat-shop","7":"product_cat-beuo","8":"product_tag-18k-micron-plating","9":"product_tag-catalogo","10":"product_tag-for-her","11":"product_tag-under-300","12":"product_tag-under-400","13":"product_tag-gold","14":"pa_by-type-earrings","15":"pa_collection-beuo","16":"pa_color-blazing-burgundy","17":"pa_color-jazzy-green","18":"pa_color-electric-blue","19":"pa_color-dote-red","20":"pa_color-thorne-black","21":"pa_material-18k-gold-micron-plating","22":"pa_shop-for-babes","23":"pa_short-material-18k-micron-plating","25":"first","26":"instock","27":"shipping-taxable","28":"purchasable","29":"product-type-variable","30":"has-default-attributes","31":"add-to-wishlist-before_image"},"_links":{"self":[{"href":"https:\/\/monicavarela.com\/es\/wp-json\/wp\/v2\/product\/29182","targetHints":{"allow":["GET"]}}],"collection":[{"href":"https:\/\/monicavarela.com\/es\/wp-json\/wp\/v2\/product"}],"about":[{"href":"https:\/\/monicavarela.com\/es\/wp-json\/wp\/v2\/types\/product"}],"version-history":[{"count":5,"href":"https:\/\/monicavarela.com\/es\/wp-json\/wp\/v2\/product\/29182\/revisions"}],"predecessor-version":[{"id":67556,"href":"https:\/\/monicavarela.com\/es\/wp-json\/wp\/v2\/product\/29182\/revisions\/67556"}],"wp:featuredmedia":[{"embeddable":true,"href":"https:\/\/monicavarela.com\/es\/wp-json\/wp\/v2\/media\/37084"}],"wp:attachment":[{"href":"https:\/\/monicavarela.com\/es\/wp-json\/wp\/v2\/media?parent=29182"}],"wp:term":[{"taxonomy":"product_brand","embeddable":true,"href":"https:\/\/monicavarela.com\/es\/wp-json\/wp\/v2\/product_brand?post=29182"},{"taxonomy":"product_cat","embeddable":true,"href":"https:\/\/monicavarela.com\/es\/wp-json\/wp\/v2\/product_cat?post=29182"},{"taxonomy":"product_tag","embeddable":true,"href":"https:\/\/monicavarela.com\/es\/wp-json\/wp\/v2\/product_tag?post=29182"},{"taxonomy":"giftcard-category","embeddable":true,"href":"https:\/\/monicavarela.com\/es\/wp-json\/wp\/v2\/giftcard-category?post=29182"}],"curies":[{"name":"wp","href":"https:\/\/api.w.org\/{rel}","templated":true}]}}