{"id":29124,"date":"2022-03-02T10:56:33","date_gmt":"2022-03-02T14:56:33","guid":{"rendered":"https:\/\/monicavarela.com\/?post_type=product&#038;p=29124"},"modified":"2026-03-19T17:16:20","modified_gmt":"2026-03-19T21:16:20","slug":"margin-ring","status":"publish","type":"product","link":"https:\/\/monicavarela.com\/es\/product\/margin-ring\/","title":{"rendered":"Anillo Margin"},"content":{"rendered":"<p><a class=\"confirm_avail2\" href=\"https:\/\/wa.me\/18093508629?text=Hi,I%20would%20like%20to%20confirm%20availability%20of%20the%20Margin%20Ring\u2026https:\/\/monicavarela.com\/product\/margin-ring\" rel=\"noopener\" target=\"_blank\">Confirma Disponibilidad<\/a><\/p>","protected":false},"excerpt":{"rendered":"<p>Monica Varela Jewelry empodera al opulento en busca de piezas de arte, dise\u00f1adas con detalles vanguardistas e infundidos por una imaginaci\u00f3n evolutiva y lo abstracto. Hecho a mano con \u00e9tica por artesanos de la Rep\u00fablica Dominicana con una mezcla elevada de t\u00e9cnicas de joyer\u00eda tradicionales y materiales de origen sostenible.<\/p>\n<p><span class=\"sptitle\">Anillo de margen<\/span><\/p>","protected":false},"featured_media":37174,"template":"","meta":{"wds_primary_product_brand":0,"wds_primary_product_cat":0,"wds_primary_giftcard-category":0,"footnotes":"","_links_to":"","_links_to_target":""},"product_brand":[],"product_cat":[1007,458,1042],"product_tag":[1053,1010,991,987,1067,1055,657,1039,934],"giftcard-category":[],"class_list":{"0":"post-29124","1":"product","2":"type-product","3":"status-publish","4":"has-post-thumbnail","6":"product_cat-shop","7":"product_cat-beuo","8":"product_cat-for-her","9":"product_tag-18k-micron-plating","10":"product_tag-catalogo","11":"product_tag-for-her","12":"product_tag-under-300","13":"product_tag-under-400","14":"product_tag-gold","15":"product_tag-treasure","16":"product_tag-mvbabes","17":"product_tag-rings","18":"product_shipping_class-y","19":"pa_by-type-rings","20":"pa_collection-beuo","21":"pa_color-blazing-burgundy","22":"pa_color-jazzy-green","23":"pa_color-electric-blue","24":"pa_color-dote-red","25":"pa_color-thorne-black","26":"pa_material-18k-gold-micron-plating","27":"pa_ring-size-221","28":"pa_ring-size-4-5","29":"pa_ring-size-223","30":"pa_ring-size-5-5","31":"pa_ring-size-225","32":"pa_ring-size-6-5","33":"pa_ring-size-227","34":"pa_ring-size-7-5","35":"pa_ring-size-229","36":"pa_ring-size-8-5","37":"pa_ring-size-231","38":"pa_ring-size-9-5","39":"pa_ring-size-233","40":"pa_shop-for-babes","41":"pa_short-material-18k-micron-plating","43":"first","44":"instock","45":"shipping-taxable","46":"purchasable","47":"product-type-variable","48":"has-default-attributes","49":"add-to-wishlist-before_image"},"_links":{"self":[{"href":"https:\/\/monicavarela.com\/es\/wp-json\/wp\/v2\/product\/29124","targetHints":{"allow":["GET"]}}],"collection":[{"href":"https:\/\/monicavarela.com\/es\/wp-json\/wp\/v2\/product"}],"about":[{"href":"https:\/\/monicavarela.com\/es\/wp-json\/wp\/v2\/types\/product"}],"version-history":[{"count":5,"href":"https:\/\/monicavarela.com\/es\/wp-json\/wp\/v2\/product\/29124\/revisions"}],"predecessor-version":[{"id":67548,"href":"https:\/\/monicavarela.com\/es\/wp-json\/wp\/v2\/product\/29124\/revisions\/67548"}],"wp:featuredmedia":[{"embeddable":true,"href":"https:\/\/monicavarela.com\/es\/wp-json\/wp\/v2\/media\/37174"}],"wp:attachment":[{"href":"https:\/\/monicavarela.com\/es\/wp-json\/wp\/v2\/media?parent=29124"}],"wp:term":[{"taxonomy":"product_brand","embeddable":true,"href":"https:\/\/monicavarela.com\/es\/wp-json\/wp\/v2\/product_brand?post=29124"},{"taxonomy":"product_cat","embeddable":true,"href":"https:\/\/monicavarela.com\/es\/wp-json\/wp\/v2\/product_cat?post=29124"},{"taxonomy":"product_tag","embeddable":true,"href":"https:\/\/monicavarela.com\/es\/wp-json\/wp\/v2\/product_tag?post=29124"},{"taxonomy":"giftcard-category","embeddable":true,"href":"https:\/\/monicavarela.com\/es\/wp-json\/wp\/v2\/giftcard-category?post=29124"}],"curies":[{"name":"wp","href":"https:\/\/api.w.org\/{rel}","templated":true}]}}