{"id":29012,"date":"2022-03-01T15:49:31","date_gmt":"2022-03-01T19:49:31","guid":{"rendered":"https:\/\/monicavarela.com\/?post_type=product&#038;p=29012"},"modified":"2026-03-01T22:14:26","modified_gmt":"2026-03-02T02:14:26","slug":"stem-earrings-2","status":"publish","type":"product","link":"https:\/\/monicavarela.com\/es\/product\/stem-earrings-2\/","title":{"rendered":"ARETES STEM"},"content":{"rendered":"<p><a class=\"confirm_avail2\" href=\"https:\/\/wa.me\/18093508629?text=Hi,I%20would%20like%20to%20confirm%20availability%20of%20the%20Stem%20Earrings\u2026https:\/\/monicavarela.com\/product\/stem-earrings-2\" rel=\"noopener\" target=\"_blank\">Confirma Disponibilidad<\/a><\/p>","protected":false},"excerpt":{"rendered":"<p>Monica Varela Jewelry empodera al opulento en busca de piezas de arte, dise\u00f1adas con detalles vanguardistas e infundidos por una imaginaci\u00f3n evolutiva y lo abstracto. Hecho a mano con \u00e9tica por artesanos de la Rep\u00fablica Dominicana con una mezcla elevada de t\u00e9cnicas de joyer\u00eda tradicionales y materiales de origen sostenible.<br \/>\n<span class=\"sptitle\">Tallo aretes<\/span><\/p>","protected":false},"featured_media":36925,"template":"","meta":{"wds_primary_product_brand":0,"wds_primary_product_cat":0,"wds_primary_giftcard-category":0,"footnotes":"","_links_to":"","_links_to_target":""},"product_brand":[],"product_cat":[1007,458],"product_tag":[991,1054,1056],"giftcard-category":[],"class_list":{"0":"post-29012","1":"product","2":"type-product","3":"status-publish","4":"has-post-thumbnail","6":"product_cat-shop","7":"product_cat-beuo","8":"product_tag-for-her","9":"product_tag-platinum-micron-plating","10":"product_tag-silver","11":"pa_by-type-earrings","12":"pa_collection-beuo","13":"pa_color-blazing-burgundy","14":"pa_color-jazzy-green","15":"pa_color-electric-blue","16":"pa_color-dote-red","17":"pa_color-thorne-black","18":"pa_material-925-sterling-silver","19":"pa_shop-for-babes","20":"pa_short-material-platinum-micron-plating","22":"first","23":"instock","24":"shipping-taxable","25":"purchasable","26":"product-type-variable","27":"has-default-attributes","28":"add-to-wishlist-before_image"},"_links":{"self":[{"href":"https:\/\/monicavarela.com\/es\/wp-json\/wp\/v2\/product\/29012","targetHints":{"allow":["GET"]}}],"collection":[{"href":"https:\/\/monicavarela.com\/es\/wp-json\/wp\/v2\/product"}],"about":[{"href":"https:\/\/monicavarela.com\/es\/wp-json\/wp\/v2\/types\/product"}],"version-history":[{"count":5,"href":"https:\/\/monicavarela.com\/es\/wp-json\/wp\/v2\/product\/29012\/revisions"}],"predecessor-version":[{"id":67533,"href":"https:\/\/monicavarela.com\/es\/wp-json\/wp\/v2\/product\/29012\/revisions\/67533"}],"wp:featuredmedia":[{"embeddable":true,"href":"https:\/\/monicavarela.com\/es\/wp-json\/wp\/v2\/media\/36925"}],"wp:attachment":[{"href":"https:\/\/monicavarela.com\/es\/wp-json\/wp\/v2\/media?parent=29012"}],"wp:term":[{"taxonomy":"product_brand","embeddable":true,"href":"https:\/\/monicavarela.com\/es\/wp-json\/wp\/v2\/product_brand?post=29012"},{"taxonomy":"product_cat","embeddable":true,"href":"https:\/\/monicavarela.com\/es\/wp-json\/wp\/v2\/product_cat?post=29012"},{"taxonomy":"product_tag","embeddable":true,"href":"https:\/\/monicavarela.com\/es\/wp-json\/wp\/v2\/product_tag?post=29012"},{"taxonomy":"giftcard-category","embeddable":true,"href":"https:\/\/monicavarela.com\/es\/wp-json\/wp\/v2\/giftcard-category?post=29012"}],"curies":[{"name":"wp","href":"https:\/\/api.w.org\/{rel}","templated":true}]}}