{"id":28524,"date":"2021-10-28T19:18:17","date_gmt":"2021-10-28T23:18:17","guid":{"rendered":"https:\/\/monicavarela.com\/shop\/hislu-larimar-charm-2\/"},"modified":"2026-02-25T17:41:56","modified_gmt":"2026-02-25T21:41:56","slug":"hislu-larimar-charm-2","status":"publish","type":"product","link":"https:\/\/monicavarela.com\/es\/product\/hislu-larimar-charm-2\/","title":{"rendered":"Dije Hisl\u00fa Larimar"},"content":{"rendered":"<p><a class=\"confirm_avail2\" href=\"https:\/\/wa.me\/18093508629?text=Hi,I%20would%20like%20to%20confirm%20availability%20of%20the%20Hisl\u00fa%20Larimar%20Charm\u2026https:\/\/monicavarela.com\/product\/hislu-larimar-charm-2\" rel=\"noopener\" target=\"_blank\">Confirma Disponibilidad<\/a><\/p>","protected":false},"excerpt":{"rendered":"<p>Monica Varela Jewelry empodera al opulento en busca de piezas de arte, dise\u00f1adas con detalles vanguardistas e infundidos por una imaginaci\u00f3n evolutiva y lo abstracto. Hecho a mano con \u00e9tica por artesanos de la Rep\u00fablica Dominicana con una mezcla elevada de t\u00e9cnicas de joyer\u00eda tradicionales y materiales de origen sostenible. <\/p>\n<p> <span class=\"sptitle\">Dije Hisl\u00fa Larimar<\/span><\/p>\n<p class=\"\u2018stone_vary\u2019\">La piedra puede variar en forma y tama\u00f1o.<\/p>","protected":false},"featured_media":28439,"template":"","meta":{"wds_primary_product_brand":0,"wds_primary_product_cat":0,"wds_primary_giftcard-category":0,"footnotes":"","_links_to":"","_links_to_target":""},"product_brand":[],"product_cat":[766],"product_tag":[991,980],"giftcard-category":[],"class_list":{"0":"post-28524","1":"product","2":"type-product","3":"status-publish","4":"has-post-thumbnail","6":"product_cat-fine-jewelry","7":"product_tag-for-her","8":"product_tag-yes","9":"pa_by-type-neckpieces","10":"pa_shop-for-babes","12":"first","13":"outofstock","14":"shipping-taxable","15":"purchasable","16":"product-type-simple","17":"add-to-wishlist-before_image"},"_links":{"self":[{"href":"https:\/\/monicavarela.com\/es\/wp-json\/wp\/v2\/product\/28524","targetHints":{"allow":["GET"]}}],"collection":[{"href":"https:\/\/monicavarela.com\/es\/wp-json\/wp\/v2\/product"}],"about":[{"href":"https:\/\/monicavarela.com\/es\/wp-json\/wp\/v2\/types\/product"}],"version-history":[{"count":5,"href":"https:\/\/monicavarela.com\/es\/wp-json\/wp\/v2\/product\/28524\/revisions"}],"predecessor-version":[{"id":67528,"href":"https:\/\/monicavarela.com\/es\/wp-json\/wp\/v2\/product\/28524\/revisions\/67528"}],"wp:featuredmedia":[{"embeddable":true,"href":"https:\/\/monicavarela.com\/es\/wp-json\/wp\/v2\/media\/28439"}],"wp:attachment":[{"href":"https:\/\/monicavarela.com\/es\/wp-json\/wp\/v2\/media?parent=28524"}],"wp:term":[{"taxonomy":"product_brand","embeddable":true,"href":"https:\/\/monicavarela.com\/es\/wp-json\/wp\/v2\/product_brand?post=28524"},{"taxonomy":"product_cat","embeddable":true,"href":"https:\/\/monicavarela.com\/es\/wp-json\/wp\/v2\/product_cat?post=28524"},{"taxonomy":"product_tag","embeddable":true,"href":"https:\/\/monicavarela.com\/es\/wp-json\/wp\/v2\/product_tag?post=28524"},{"taxonomy":"giftcard-category","embeddable":true,"href":"https:\/\/monicavarela.com\/es\/wp-json\/wp\/v2\/giftcard-category?post=28524"}],"curies":[{"name":"wp","href":"https:\/\/api.w.org\/{rel}","templated":true}]}}