{"id":27468,"date":"2026-02-16T11:52:11","date_gmt":"2026-02-16T15:52:11","guid":{"rendered":"https:\/\/monicavarela.com\/?post_type=product&#038;p=27468"},"modified":"2026-03-02T08:52:42","modified_gmt":"2026-03-02T12:52:42","slug":"teeny-moonstone-pendant-2","status":"publish","type":"product","link":"https:\/\/monicavarela.com\/es\/product\/teeny-moonstone-pendant-2\/","title":{"rendered":"Teeny Circle Moonstone Pendant"},"content":{"rendered":"<p><a class=\"confirm_avail2\" href=\"https:\/\/wa.me\/18093508629?text=Hi,I%20would%20like%20to%20confirm%20availability%20of%20the%20Teeny%20Moonstone%20Pendant\u2026https:\/\/monicavarela.com\/product\/teeny-moonstone-pendant-2\" rel=\"noopener\" target=\"_blank\">Confirma Disponibilidad<\/a><\/p>","protected":false},"excerpt":{"rendered":"<p>Monica Varela Jewelry empodera al opulento en busca de piezas de arte, dise\u00f1adas con detalles vanguardistas e infundidos por una imaginaci\u00f3n evolutiva, lo abstracto y piedras semipreciosas nacionales. Hecho a mano con \u00e9tica por artesanos de la Rep\u00fablica Dominicana con una mezcla elevada de t\u00e9cnicas de joyer\u00eda tradicionales y materiales de origen sostenible.<\/p>\n<p><span class=\"sptitle\">Pendiente Teeny Piedra Luna<\/span><\/p>","protected":false},"featured_media":28066,"template":"","meta":{"wds_primary_product_brand":0,"wds_primary_product_cat":0,"wds_primary_giftcard-category":0,"footnotes":"","_links_to":"","_links_to_target":""},"product_brand":[],"product_cat":[1049,1007,236],"product_tag":[991,960,1054,1056,957],"giftcard-category":[],"class_list":{"0":"post-27468","1":"product","2":"type-product","3":"status-publish","4":"has-post-thumbnail","6":"product_cat-moonstone","7":"product_cat-shop","8":"product_cat-minute","9":"product_tag-for-her","10":"product_tag-giftguides","11":"product_tag-platinum-micron-plating","12":"product_tag-silver","13":"product_tag-the-neck-romance-set","14":"pa_by-type-neckpieces","15":"pa_collection-minute-capsule","16":"pa_color-blazing-burgundy","17":"pa_color-jazzy-green","18":"pa_color-electric-blue","19":"pa_color-dote-red","20":"pa_color-thorne-black","21":"pa_material-925-sterling-silver","22":"pa_shop-for-babes","23":"pa_short-material-platinum-micron-plating","24":"pa_stone-moonstone","26":"first","27":"instock","28":"shipping-taxable","29":"purchasable","30":"product-type-variable","31":"has-default-attributes","32":"add-to-wishlist-before_image"},"_links":{"self":[{"href":"https:\/\/monicavarela.com\/es\/wp-json\/wp\/v2\/product\/27468","targetHints":{"allow":["GET"]}}],"collection":[{"href":"https:\/\/monicavarela.com\/es\/wp-json\/wp\/v2\/product"}],"about":[{"href":"https:\/\/monicavarela.com\/es\/wp-json\/wp\/v2\/types\/product"}],"version-history":[{"count":5,"href":"https:\/\/monicavarela.com\/es\/wp-json\/wp\/v2\/product\/27468\/revisions"}],"predecessor-version":[{"id":68067,"href":"https:\/\/monicavarela.com\/es\/wp-json\/wp\/v2\/product\/27468\/revisions\/68067"}],"wp:featuredmedia":[{"embeddable":true,"href":"https:\/\/monicavarela.com\/es\/wp-json\/wp\/v2\/media\/28066"}],"wp:attachment":[{"href":"https:\/\/monicavarela.com\/es\/wp-json\/wp\/v2\/media?parent=27468"}],"wp:term":[{"taxonomy":"product_brand","embeddable":true,"href":"https:\/\/monicavarela.com\/es\/wp-json\/wp\/v2\/product_brand?post=27468"},{"taxonomy":"product_cat","embeddable":true,"href":"https:\/\/monicavarela.com\/es\/wp-json\/wp\/v2\/product_cat?post=27468"},{"taxonomy":"product_tag","embeddable":true,"href":"https:\/\/monicavarela.com\/es\/wp-json\/wp\/v2\/product_tag?post=27468"},{"taxonomy":"giftcard-category","embeddable":true,"href":"https:\/\/monicavarela.com\/es\/wp-json\/wp\/v2\/giftcard-category?post=27468"}],"curies":[{"name":"wp","href":"https:\/\/api.w.org\/{rel}","templated":true}]}}