{"id":26940,"date":"2021-05-25T15:40:40","date_gmt":"2021-05-25T19:40:40","guid":{"rendered":"https:\/\/monicavarela.com\/?post_type=product&#038;p=26940"},"modified":"2026-05-03T17:42:32","modified_gmt":"2026-05-03T21:42:32","slug":"infinity-petite-larimar-choker-2","status":"publish","type":"product","link":"https:\/\/monicavarela.com\/es\/product\/infinity-petite-larimar-choker-2\/","title":{"rendered":"Collar Infinity Petite Larimar"},"content":{"rendered":"<\/p>","protected":false},"excerpt":{"rendered":"<p>Monica Varela Jewelry empodera al opulento en busca de piezas de arte, dise\u00f1adas con detalles vanguardistas e infundidos por una imaginaci\u00f3n evolutiva, lo abstracto y piedras semipreciosas nacionales. Hecho a mano con \u00e9tica por artesanos de la Rep\u00fablica Dominicana con una mezcla elevada de t\u00e9cnicas de joyer\u00eda tradicionales y materiales de origen sostenible.<br \/>\n<span class=\"sptitle\">Collar de larimar peque\u00f1o Infinity<\/span><\/p>","protected":false},"featured_media":37625,"template":"","meta":{"wds_primary_product_brand":0,"wds_primary_product_cat":0,"wds_primary_giftcard-category":0,"footnotes":"","_links_to":"","_links_to_target":""},"product_brand":[],"product_cat":[1007,583,1043],"product_tag":[1053,1010,991,992,1055,1040,1009],"giftcard-category":[],"class_list":{"0":"post-26940","1":"product","2":"type-product","3":"status-publish","4":"has-post-thumbnail","6":"product_cat-shop","7":"product_cat-infinity","8":"product_cat-iconics","9":"product_tag-18k-micron-plating","10":"product_tag-catalogo","11":"product_tag-for-her","12":"product_tag-gifts-for-her","13":"product_tag-gold","14":"product_tag-iconic","15":"product_tag-the-summer-edit","16":"pa_by-type-neckpieces","17":"pa_collection-infinity","18":"pa_color-blazing-burgundy","19":"pa_color-jazzy-green","20":"pa_color-electric-blue","21":"pa_material-18k-gold-micron-plating","22":"pa_shop-for-babes","23":"pa_short-material-18k-micron-plating","24":"pa_stone-larimar","26":"first","27":"instock","28":"shipping-taxable","29":"purchasable","30":"product-type-variable","31":"has-default-attributes","32":"add-to-wishlist-before_image"},"_links":{"self":[{"href":"https:\/\/monicavarela.com\/es\/wp-json\/wp\/v2\/product\/26940","targetHints":{"allow":["GET"]}}],"collection":[{"href":"https:\/\/monicavarela.com\/es\/wp-json\/wp\/v2\/product"}],"about":[{"href":"https:\/\/monicavarela.com\/es\/wp-json\/wp\/v2\/types\/product"}],"version-history":[{"count":2,"href":"https:\/\/monicavarela.com\/es\/wp-json\/wp\/v2\/product\/26940\/revisions"}],"predecessor-version":[{"id":69342,"href":"https:\/\/monicavarela.com\/es\/wp-json\/wp\/v2\/product\/26940\/revisions\/69342"}],"wp:featuredmedia":[{"embeddable":true,"href":"https:\/\/monicavarela.com\/es\/wp-json\/wp\/v2\/media\/37625"}],"wp:attachment":[{"href":"https:\/\/monicavarela.com\/es\/wp-json\/wp\/v2\/media?parent=26940"}],"wp:term":[{"taxonomy":"product_brand","embeddable":true,"href":"https:\/\/monicavarela.com\/es\/wp-json\/wp\/v2\/product_brand?post=26940"},{"taxonomy":"product_cat","embeddable":true,"href":"https:\/\/monicavarela.com\/es\/wp-json\/wp\/v2\/product_cat?post=26940"},{"taxonomy":"product_tag","embeddable":true,"href":"https:\/\/monicavarela.com\/es\/wp-json\/wp\/v2\/product_tag?post=26940"},{"taxonomy":"giftcard-category","embeddable":true,"href":"https:\/\/monicavarela.com\/es\/wp-json\/wp\/v2\/giftcard-category?post=26940"}],"curies":[{"name":"wp","href":"https:\/\/api.w.org\/{rel}","templated":true}]}}