{"id":26387,"date":"2021-04-28T13:54:58","date_gmt":"2021-04-28T17:54:58","guid":{"rendered":"https:\/\/monicavarela.com\/?post_type=product&#038;p=26387"},"modified":"2026-03-08T21:24:26","modified_gmt":"2026-03-09T01:24:26","slug":"teeny-ambar-pin-2","status":"publish","type":"product","link":"https:\/\/monicavarela.com\/es\/product\/teeny-ambar-pin-2\/","title":{"rendered":"Pin Teeny \u00c1mbar"},"content":{"rendered":"<p><a class=\"confirm_avail2\" href=\"https:\/\/wa.me\/18093508629?text=Hi,I%20would%20like%20to%20confirm%20availability%20of%20the%20Teeny%20Amber%20Pin\u2026https:\/\/monicavarela.com\/product\/teeny-ambar-pin-2\" rel=\"noopener\" target=\"_blank\">Confirma Disponibilidad<\/a><\/p>","protected":false},"excerpt":{"rendered":"<p>Monica Varela Jewelry empodera al opulento en busca de piezas de arte, dise\u00f1adas con detalles vanguardistas e infundidos por una imaginaci\u00f3n evolutiva, lo abstracto y piedras semipreciosas nacionales. Hecho a mano con \u00e9tica por artesanos de la Rep\u00fablica Dominicana con una mezcla elevada de t\u00e9cnicas de joyer\u00eda tradicionales y materiales de origen sostenible.<br \/>\n<span class=\"sptitle\">Pin Teeny \u00c1mbar<\/span><\/p>","protected":false},"featured_media":33949,"template":"","meta":{"wds_primary_product_brand":0,"wds_primary_product_cat":0,"wds_primary_giftcard-category":0,"footnotes":"","_links_to":"","_links_to_target":""},"product_brand":[],"product_cat":[1007,236,1044],"product_tag":[991,993,987,1067,1054,1056],"giftcard-category":[],"class_list":{"0":"post-26387","1":"product","2":"type-product","3":"status-publish","4":"has-post-thumbnail","6":"product_cat-shop","7":"product_cat-minute","8":"product_cat-for-him","9":"product_tag-for-her","10":"product_tag-for-him","11":"product_tag-under-300","12":"product_tag-under-400","13":"product_tag-platinum-micron-plating","14":"product_tag-silver","15":"pa_by-type-pins","16":"pa_collection-minute-capsule","17":"pa_color-blazing-burgundy","18":"pa_color-jazzy-green","19":"pa_color-electric-blue","20":"pa_color-dote-red","21":"pa_color-thorne-black","22":"pa_material-925-sterling-silver","23":"pa_shop-for-babes","24":"pa_shop-for-gents","25":"pa_short-material-platinum-micron-plating","26":"pa_stone-ambar","28":"first","29":"instock","30":"shipping-taxable","31":"purchasable","32":"product-type-variable","33":"has-default-attributes","34":"add-to-wishlist-before_image"},"_links":{"self":[{"href":"https:\/\/monicavarela.com\/es\/wp-json\/wp\/v2\/product\/26387","targetHints":{"allow":["GET"]}}],"collection":[{"href":"https:\/\/monicavarela.com\/es\/wp-json\/wp\/v2\/product"}],"about":[{"href":"https:\/\/monicavarela.com\/es\/wp-json\/wp\/v2\/types\/product"}],"version-history":[{"count":5,"href":"https:\/\/monicavarela.com\/es\/wp-json\/wp\/v2\/product\/26387\/revisions"}],"predecessor-version":[{"id":67503,"href":"https:\/\/monicavarela.com\/es\/wp-json\/wp\/v2\/product\/26387\/revisions\/67503"}],"wp:featuredmedia":[{"embeddable":true,"href":"https:\/\/monicavarela.com\/es\/wp-json\/wp\/v2\/media\/33949"}],"wp:attachment":[{"href":"https:\/\/monicavarela.com\/es\/wp-json\/wp\/v2\/media?parent=26387"}],"wp:term":[{"taxonomy":"product_brand","embeddable":true,"href":"https:\/\/monicavarela.com\/es\/wp-json\/wp\/v2\/product_brand?post=26387"},{"taxonomy":"product_cat","embeddable":true,"href":"https:\/\/monicavarela.com\/es\/wp-json\/wp\/v2\/product_cat?post=26387"},{"taxonomy":"product_tag","embeddable":true,"href":"https:\/\/monicavarela.com\/es\/wp-json\/wp\/v2\/product_tag?post=26387"},{"taxonomy":"giftcard-category","embeddable":true,"href":"https:\/\/monicavarela.com\/es\/wp-json\/wp\/v2\/giftcard-category?post=26387"}],"curies":[{"name":"wp","href":"https:\/\/api.w.org\/{rel}","templated":true}]}}