{"id":25468,"date":"2021-04-25T05:35:40","date_gmt":"2021-04-25T09:35:40","guid":{"rendered":"https:\/\/monicavarela.com\/?post_type=product&#038;p=25468"},"modified":"2026-04-17T09:22:28","modified_gmt":"2026-04-17T13:22:28","slug":"teeny-ambar-cuff-2","status":"publish","type":"product","link":"https:\/\/monicavarela.com\/es\/product\/teeny-ambar-cuff-2\/","title":{"rendered":"Pulsera Teeny \u00c1mbar"},"content":{"rendered":"<p><a class=\"confirm_avail2\" href=\"https:\/\/wa.me\/18093508629?text=Hi,I%20would%20like%20to%20confirm%20availability%20of%20the%20Teeny%20Amber%20Cuff\u2026https:\/\/monicavarela.com\/product\/teeny-ambar-cuff-2\" rel=\"noopener\" target=\"_blank\">Confirma Disponibilidad<\/a><\/p>","protected":false},"excerpt":{"rendered":"<p>Monica Varela Jewelry empodera al opulento en busca de piezas de arte, dise\u00f1adas con detalles vanguardistas e infundidos por una imaginaci\u00f3n evolutiva, lo abstracto y piedras semipreciosas nacionales. Hecho a mano con \u00e9tica por artesanos de la Rep\u00fablica Dominicana con una mezcla elevada de t\u00e9cnicas de joyer\u00eda tradicionales y materiales de origen sostenible.<br \/>\n<span class=\"sptitle\">Pulsera de \u00e1mbar diminuto<\/span><\/p>","protected":false},"featured_media":28294,"template":"","meta":{"wds_primary_product_brand":0,"wds_primary_product_cat":0,"wds_primary_giftcard-category":0,"footnotes":"","_links_to":"","_links_to_target":""},"product_brand":[],"product_cat":[1007,236],"product_tag":[1053,1010,991,1067,1055,985,1009],"giftcard-category":[],"class_list":{"0":"post-25468","1":"product","2":"type-product","3":"status-publish","4":"has-post-thumbnail","6":"product_cat-shop","7":"product_cat-minute","8":"product_tag-18k-micron-plating","9":"product_tag-catalogo","10":"product_tag-for-her","11":"product_tag-under-400","12":"product_tag-gold","13":"product_tag-match-mom","14":"product_tag-the-summer-edit","15":"pa_by-type-bracelets","16":"pa_collection-minute-capsule","17":"pa_color-blazing-burgundy","18":"pa_color-jazzy-green","19":"pa_color-electric-blue","20":"pa_color-dote-red","21":"pa_color-thorne-black","22":"pa_material-18k-gold-micron-plating","23":"pa_shop-for-babes","24":"pa_short-material-18k-micron-plating","25":"pa_stone-ambar","26":"pa_wrist-size-s","27":"pa_wrist-size-m","29":"first","30":"instock","31":"shipping-taxable","32":"purchasable","33":"product-type-variable","34":"has-default-attributes","35":"add-to-wishlist-before_image"},"_links":{"self":[{"href":"https:\/\/monicavarela.com\/es\/wp-json\/wp\/v2\/product\/25468","targetHints":{"allow":["GET"]}}],"collection":[{"href":"https:\/\/monicavarela.com\/es\/wp-json\/wp\/v2\/product"}],"about":[{"href":"https:\/\/monicavarela.com\/es\/wp-json\/wp\/v2\/types\/product"}],"version-history":[{"count":5,"href":"https:\/\/monicavarela.com\/es\/wp-json\/wp\/v2\/product\/25468\/revisions"}],"predecessor-version":[{"id":68096,"href":"https:\/\/monicavarela.com\/es\/wp-json\/wp\/v2\/product\/25468\/revisions\/68096"}],"wp:featuredmedia":[{"embeddable":true,"href":"https:\/\/monicavarela.com\/es\/wp-json\/wp\/v2\/media\/28294"}],"wp:attachment":[{"href":"https:\/\/monicavarela.com\/es\/wp-json\/wp\/v2\/media?parent=25468"}],"wp:term":[{"taxonomy":"product_brand","embeddable":true,"href":"https:\/\/monicavarela.com\/es\/wp-json\/wp\/v2\/product_brand?post=25468"},{"taxonomy":"product_cat","embeddable":true,"href":"https:\/\/monicavarela.com\/es\/wp-json\/wp\/v2\/product_cat?post=25468"},{"taxonomy":"product_tag","embeddable":true,"href":"https:\/\/monicavarela.com\/es\/wp-json\/wp\/v2\/product_tag?post=25468"},{"taxonomy":"giftcard-category","embeddable":true,"href":"https:\/\/monicavarela.com\/es\/wp-json\/wp\/v2\/giftcard-category?post=25468"}],"curies":[{"name":"wp","href":"https:\/\/api.w.org\/{rel}","templated":true}]}}