{"id":13172,"date":"2020-12-14T06:10:10","date_gmt":"2020-12-14T10:10:10","guid":{"rendered":"https:\/\/monicavarela.com\/?post_type=product&#038;p=13172"},"modified":"2026-05-01T21:24:58","modified_gmt":"2026-05-02T01:24:58","slug":"petite-ambar-fancy-oval-chain-gold-vermeil","status":"publish","type":"product","link":"https:\/\/monicavarela.com\/es\/product\/petite-ambar-fancy-oval-chain-gold-vermeil\/","title":{"rendered":"Collar Petite \u00c1mbar Fancy Oval"},"content":{"rendered":"<p><a class=\"confirm_avail2\" href=\"https:\/\/wa.me\/18495203113?text=Hi,I%20am%20interested%20in%20the%20Petite%20Amber%20Fancy%20Oval%20Chain...https:\/\/monicavarela.com\/product\/petite-amber-fancy-oval-chain-18k-micron-plating\" rel=\"noopener\" target=\"_blank\">CONTACTA UNA MVAJADORA<\/a><\/p>","protected":false},"excerpt":{"rendered":"<p>Monica Varela Jewelry empodera al opulento en busca de piezas de arte, dise\u00f1adas con detalles vanguardistas e infundidos por una imaginaci\u00f3n evolutiva, lo abstracto y piedras semipreciosas nacionales. Hecho a mano con \u00e9tica por artesanos de la Rep\u00fablica Dominicana con una mezcla elevada de t\u00e9cnicas de joyer\u00eda tradicionales y materiales de origen sostenible.<br \/>\n<span class=\"sptitle\">Collar ovalado de fantas\u00eda de color \u00e1mbar peque\u00f1o<\/span><\/p>","protected":false},"featured_media":29529,"template":"","meta":{"wds_primary_product_brand":0,"wds_primary_product_cat":0,"wds_primary_giftcard-category":0,"footnotes":"","_links_to":"","_links_to_target":""},"product_brand":[],"product_cat":[1007,236],"product_tag":[1053,1010,991,1055,652,957],"giftcard-category":[],"class_list":{"0":"post-13172","1":"product","2":"type-product","3":"status-publish","4":"has-post-thumbnail","6":"product_cat-shop","7":"product_cat-minute","8":"product_tag-18k-micron-plating","9":"product_tag-catalogo","10":"product_tag-for-her","11":"product_tag-gold","12":"product_tag-special","13":"product_tag-the-neck-romance-set","14":"pa_by-type-neckpieces","15":"pa_collection-minute-capsule","16":"pa_color-blazing-burgundy","17":"pa_color-jazzy-green","18":"pa_color-electric-blue","19":"pa_color-dote-red","20":"pa_color-thorne-black","21":"pa_material-18k-gold-micron-plating","22":"pa_shop-for-babes","23":"pa_short-material-18k-micron-plating","24":"pa_stone-ambar","26":"first","27":"instock","28":"shipping-taxable","29":"purchasable","30":"product-type-variable","31":"has-default-attributes","32":"add-to-wishlist-before_image"},"_links":{"self":[{"href":"https:\/\/monicavarela.com\/es\/wp-json\/wp\/v2\/product\/13172","targetHints":{"allow":["GET"]}}],"collection":[{"href":"https:\/\/monicavarela.com\/es\/wp-json\/wp\/v2\/product"}],"about":[{"href":"https:\/\/monicavarela.com\/es\/wp-json\/wp\/v2\/types\/product"}],"version-history":[{"count":1,"href":"https:\/\/monicavarela.com\/es\/wp-json\/wp\/v2\/product\/13172\/revisions"}],"predecessor-version":[{"id":68910,"href":"https:\/\/monicavarela.com\/es\/wp-json\/wp\/v2\/product\/13172\/revisions\/68910"}],"wp:featuredmedia":[{"embeddable":true,"href":"https:\/\/monicavarela.com\/es\/wp-json\/wp\/v2\/media\/29529"}],"wp:attachment":[{"href":"https:\/\/monicavarela.com\/es\/wp-json\/wp\/v2\/media?parent=13172"}],"wp:term":[{"taxonomy":"product_brand","embeddable":true,"href":"https:\/\/monicavarela.com\/es\/wp-json\/wp\/v2\/product_brand?post=13172"},{"taxonomy":"product_cat","embeddable":true,"href":"https:\/\/monicavarela.com\/es\/wp-json\/wp\/v2\/product_cat?post=13172"},{"taxonomy":"product_tag","embeddable":true,"href":"https:\/\/monicavarela.com\/es\/wp-json\/wp\/v2\/product_tag?post=13172"},{"taxonomy":"giftcard-category","embeddable":true,"href":"https:\/\/monicavarela.com\/es\/wp-json\/wp\/v2\/giftcard-category?post=13172"}],"curies":[{"name":"wp","href":"https:\/\/api.w.org\/{rel}","templated":true}]}}