{"id":12963,"date":"2020-12-26T06:10:10","date_gmt":"2020-12-26T10:10:10","guid":{"rendered":"https:\/\/monicavarela.com\/?post_type=product&#038;p=12963"},"modified":"2026-04-15T16:55:33","modified_gmt":"2026-04-15T20:55:33","slug":"teeny-larimar-pendant-gold-vermeil","status":"publish","type":"product","link":"https:\/\/monicavarela.com\/es\/product\/teeny-larimar-pendant-gold-vermeil\/","title":{"rendered":"Pendiente Teeny Larimar"},"content":{"rendered":"<p><a class=\"confirm_avail2\" href=\"https:\/\/wa.me\/18093508629?text=Hi,I%20would%20like%20to%20confirm%20availability%20of%20the%20Teeny%20Larimar%20Pendant\u2026https:\/\/monicavarela.com\/product\/teeny-larimar-pendant-gold-vermeil\" rel=\"noopener\" target=\"_blank\">Confirma Disponibilidad<\/a><\/p>","protected":false},"excerpt":{"rendered":"<p>Monica Varela Jewelry empodera al opulento en busca de piezas de arte, dise\u00f1adas con detalles vanguardistas e infundidos por una imaginaci\u00f3n evolutiva, lo abstracto y piedras semipreciosas nacionales. Hecho a mano con \u00e9tica por artesanos de la Rep\u00fablica Dominicana con una mezcla elevada de t\u00e9cnicas de joyer\u00eda tradicionales y materiales de origen sostenible.<\/p>\n<p><span class=\"sptitle\">Pendiente de larimar peque\u00f1o<\/span><\/p>","protected":false},"featured_media":29582,"template":"","meta":{"wds_primary_product_brand":0,"wds_primary_product_cat":0,"wds_primary_giftcard-category":0,"footnotes":"","_links_to":"","_links_to_target":""},"product_brand":[],"product_cat":[1007,236],"product_tag":[1053,739,1010,991,1055],"giftcard-category":[],"class_list":{"0":"post-12963","1":"product","2":"type-product","3":"status-publish","4":"has-post-thumbnail","6":"product_cat-shop","7":"product_cat-minute","8":"product_tag-18k-micron-plating","9":"product_tag-blushy-romantic","10":"product_tag-catalogo","11":"product_tag-for-her","12":"product_tag-gold","13":"pa_by-type-neckpieces","14":"pa_collection-minute-capsule","15":"pa_color-blazing-burgundy","16":"pa_color-jazzy-green","17":"pa_color-electric-blue","18":"pa_color-dote-red","19":"pa_color-thorne-black","20":"pa_material-18k-gold-micron-plating","21":"pa_shop-for-babes","22":"pa_short-material-18k-micron-plating","23":"pa_stone-larimar","25":"first","26":"instock","27":"featured","28":"shipping-taxable","29":"purchasable","30":"product-type-variable","31":"has-default-attributes","32":"add-to-wishlist-before_image"},"_links":{"self":[{"href":"https:\/\/monicavarela.com\/es\/wp-json\/wp\/v2\/product\/12963","targetHints":{"allow":["GET"]}}],"collection":[{"href":"https:\/\/monicavarela.com\/es\/wp-json\/wp\/v2\/product"}],"about":[{"href":"https:\/\/monicavarela.com\/es\/wp-json\/wp\/v2\/types\/product"}],"version-history":[{"count":5,"href":"https:\/\/monicavarela.com\/es\/wp-json\/wp\/v2\/product\/12963\/revisions"}],"predecessor-version":[{"id":67470,"href":"https:\/\/monicavarela.com\/es\/wp-json\/wp\/v2\/product\/12963\/revisions\/67470"}],"wp:featuredmedia":[{"embeddable":true,"href":"https:\/\/monicavarela.com\/es\/wp-json\/wp\/v2\/media\/29582"}],"wp:attachment":[{"href":"https:\/\/monicavarela.com\/es\/wp-json\/wp\/v2\/media?parent=12963"}],"wp:term":[{"taxonomy":"product_brand","embeddable":true,"href":"https:\/\/monicavarela.com\/es\/wp-json\/wp\/v2\/product_brand?post=12963"},{"taxonomy":"product_cat","embeddable":true,"href":"https:\/\/monicavarela.com\/es\/wp-json\/wp\/v2\/product_cat?post=12963"},{"taxonomy":"product_tag","embeddable":true,"href":"https:\/\/monicavarela.com\/es\/wp-json\/wp\/v2\/product_tag?post=12963"},{"taxonomy":"giftcard-category","embeddable":true,"href":"https:\/\/monicavarela.com\/es\/wp-json\/wp\/v2\/giftcard-category?post=12963"}],"curies":[{"name":"wp","href":"https:\/\/api.w.org\/{rel}","templated":true}]}}