{"id":12839,"date":"2020-09-13T06:10:10","date_gmt":"2020-09-13T10:10:10","guid":{"rendered":"https:\/\/monicavarela.com\/?post_type=product&#038;p=12839"},"modified":"2026-03-08T21:24:42","modified_gmt":"2026-03-09T01:24:42","slug":"wisdom-brooch-sterling-silver","status":"publish","type":"product","link":"https:\/\/monicavarela.com\/es\/product\/wisdom-brooch-sterling-silver\/","title":{"rendered":"Wisdom Brooch Silver"},"content":{"rendered":"<p><a class=\"confirm\" href=\"https:\/\/wa.me\/18093508629?text=Hi,I%20would%20like%20to%20confirm%20availability%20of%20the%20Wisdom%20Pin\u2026https:\/\/monicavarela.com\/product\/wisdom-brooch-sterling-silver\" rel=\"noopener\" target=\"_blank\">Confirma Disponibilidad<\/a><\/p>","protected":false},"excerpt":{"rendered":"<p>Monica Varela Jewelry empodera a los amantes de la opulencia art\u00edstica con dise\u00f1os de vanguardia impregnados de una imaginaci\u00f3n en evoluci\u00f3n y arte abstracto. Elaborados de manera \u00e9tica por artesanos de la Rep\u00fablica Dominicana con una combinaci\u00f3n elevada de t\u00e9cnicas de joyer\u00eda tradicionales y materiales de origen sostenible.<br \/>\nnorte<span class=\"sptitle\">Pin Wisdom<\/span><\/p>","protected":false},"featured_media":32489,"template":"","meta":{"wds_primary_product_brand":0,"wds_primary_product_cat":0,"wds_primary_giftcard-category":0,"footnotes":"","_links_to":"","_links_to_target":""},"product_brand":[],"product_cat":[1007,1044,584],"product_tag":[991,993,987,1067,1054,742,1056],"giftcard-category":[],"class_list":{"0":"post-12839","1":"product","2":"type-product","3":"status-publish","4":"has-post-thumbnail","6":"product_cat-shop","7":"product_cat-for-him","8":"product_cat-uluzui","9":"product_tag-for-her","10":"product_tag-for-him","11":"product_tag-under-300","12":"product_tag-under-400","13":"product_tag-platinum-micron-plating","14":"product_tag-polished-suiter","15":"product_tag-silver","16":"pa_by-type-pins","17":"pa_collection-uluzui","18":"pa_material-925-sterling-silver","19":"pa_shop-for-babes","20":"pa_short-material-platinum-micron-plating","22":"first","23":"instock","24":"shipping-taxable","25":"purchasable","26":"product-type-simple","27":"add-to-wishlist-before_image"},"_links":{"self":[{"href":"https:\/\/monicavarela.com\/es\/wp-json\/wp\/v2\/product\/12839","targetHints":{"allow":["GET"]}}],"collection":[{"href":"https:\/\/monicavarela.com\/es\/wp-json\/wp\/v2\/product"}],"about":[{"href":"https:\/\/monicavarela.com\/es\/wp-json\/wp\/v2\/types\/product"}],"version-history":[{"count":5,"href":"https:\/\/monicavarela.com\/es\/wp-json\/wp\/v2\/product\/12839\/revisions"}],"predecessor-version":[{"id":67930,"href":"https:\/\/monicavarela.com\/es\/wp-json\/wp\/v2\/product\/12839\/revisions\/67930"}],"wp:featuredmedia":[{"embeddable":true,"href":"https:\/\/monicavarela.com\/es\/wp-json\/wp\/v2\/media\/32489"}],"wp:attachment":[{"href":"https:\/\/monicavarela.com\/es\/wp-json\/wp\/v2\/media?parent=12839"}],"wp:term":[{"taxonomy":"product_brand","embeddable":true,"href":"https:\/\/monicavarela.com\/es\/wp-json\/wp\/v2\/product_brand?post=12839"},{"taxonomy":"product_cat","embeddable":true,"href":"https:\/\/monicavarela.com\/es\/wp-json\/wp\/v2\/product_cat?post=12839"},{"taxonomy":"product_tag","embeddable":true,"href":"https:\/\/monicavarela.com\/es\/wp-json\/wp\/v2\/product_tag?post=12839"},{"taxonomy":"giftcard-category","embeddable":true,"href":"https:\/\/monicavarela.com\/es\/wp-json\/wp\/v2\/giftcard-category?post=12839"}],"curies":[{"name":"wp","href":"https:\/\/api.w.org\/{rel}","templated":true}]}}