{"id":12298,"date":"2026-02-16T11:53:22","date_gmt":"2026-02-16T15:53:22","guid":{"rendered":"https:\/\/monicavarela.com\/product\/import-placeholder-for-10490\/"},"modified":"2026-04-17T09:22:17","modified_gmt":"2026-04-17T13:22:17","slug":"hurita-minute-teeny-cuff-gold-vermeil","status":"publish","type":"product","link":"https:\/\/monicavarela.com\/es\/product\/hurita-minute-teeny-cuff-gold-vermeil\/","title":{"rendered":"Pulsera Minute Teeny"},"content":{"rendered":"<p><a class=\"confirm_avail2\" href=\"https:\/\/wa.me\/18093508629?text=Hi,I%20would%20like%20to%20confirm%20availability%20of%20the%20Minute%20Teeny%20Cuff\u2026https:\/\/monicavarela.com\/product\/hurita-minute-teeny-cuff-gold-vermeil\" rel=\"noopener\" target=\"_blank\">Confirma Disponibilidad<\/a><\/p>","protected":false},"excerpt":{"rendered":"<p>Monica Varela Jewelry empodera al opulento en busca de piezas de arte, dise\u00f1adas con detalles vanguardistas e infundidos por una imaginaci\u00f3n evolutiva y lo abstracto. Hecho a mano con \u00e9tica por artesanos de la Rep\u00fablica Dominicana con una mezcla elevada de t\u00e9cnicas de joyer\u00eda tradicionales y materiales de origen sostenible.<\/p>\n<p><span class=\"sptitle\">Pulsera Minute Teeny<\/span><\/p>","protected":false},"featured_media":28929,"template":"","meta":{"wds_primary_product_brand":0,"wds_primary_product_cat":0,"wds_primary_giftcard-category":0,"footnotes":"","_links_to":"","_links_to_target":""},"product_brand":[],"product_cat":[1007,236,1042,1044],"product_tag":[1053,953,1010,738,991,993,987,1067,1055,657,1039,932],"giftcard-category":[],"class_list":{"0":"post-12298","1":"product","2":"type-product","3":"status-publish","4":"has-post-thumbnail","6":"product_cat-shop","7":"product_cat-minute","8":"product_cat-for-her","9":"product_cat-for-him","10":"product_tag-18k-micron-plating","11":"product_tag-bestsellers","12":"product_tag-catalogo","13":"product_tag-classic-belle","14":"product_tag-for-her","15":"product_tag-for-him","16":"product_tag-under-300","17":"product_tag-under-400","18":"product_tag-gold","19":"product_tag-treasure","20":"product_tag-mvbabes","21":"product_tag-stack-2","22":"pa_by-type-bracelets","23":"pa_collection-minute-capsule","24":"pa_color-blazing-burgundy-dote-red","25":"pa_color-jazzy-green-electric-blue","26":"pa_material-18k-gold-micron-plating","27":"pa_shop-for-babes","28":"pa_short-material-18k-micron-plating","29":"pa_wrist-size-s","30":"pa_wrist-size-m","32":"first","33":"instock","34":"featured","35":"shipping-taxable","36":"purchasable","37":"product-type-variable","38":"has-default-attributes","39":"add-to-wishlist-before_image"},"_links":{"self":[{"href":"https:\/\/monicavarela.com\/es\/wp-json\/wp\/v2\/product\/12298","targetHints":{"allow":["GET"]}}],"collection":[{"href":"https:\/\/monicavarela.com\/es\/wp-json\/wp\/v2\/product"}],"about":[{"href":"https:\/\/monicavarela.com\/es\/wp-json\/wp\/v2\/types\/product"}],"version-history":[{"count":5,"href":"https:\/\/monicavarela.com\/es\/wp-json\/wp\/v2\/product\/12298\/revisions"}],"predecessor-version":[{"id":67749,"href":"https:\/\/monicavarela.com\/es\/wp-json\/wp\/v2\/product\/12298\/revisions\/67749"}],"wp:featuredmedia":[{"embeddable":true,"href":"https:\/\/monicavarela.com\/es\/wp-json\/wp\/v2\/media\/28929"}],"wp:attachment":[{"href":"https:\/\/monicavarela.com\/es\/wp-json\/wp\/v2\/media?parent=12298"}],"wp:term":[{"taxonomy":"product_brand","embeddable":true,"href":"https:\/\/monicavarela.com\/es\/wp-json\/wp\/v2\/product_brand?post=12298"},{"taxonomy":"product_cat","embeddable":true,"href":"https:\/\/monicavarela.com\/es\/wp-json\/wp\/v2\/product_cat?post=12298"},{"taxonomy":"product_tag","embeddable":true,"href":"https:\/\/monicavarela.com\/es\/wp-json\/wp\/v2\/product_tag?post=12298"},{"taxonomy":"giftcard-category","embeddable":true,"href":"https:\/\/monicavarela.com\/es\/wp-json\/wp\/v2\/giftcard-category?post=12298"}],"curies":[{"name":"wp","href":"https:\/\/api.w.org\/{rel}","templated":true}]}}