{"id":12295,"date":"2026-02-16T11:52:52","date_gmt":"2026-02-16T15:52:52","guid":{"rendered":"https:\/\/monicavarela.com\/product\/import-placeholder-for-10554\/"},"modified":"2026-04-13T10:57:56","modified_gmt":"2026-04-13T14:57:56","slug":"hurita-minute-teeny-studs-sterling-silver","status":"publish","type":"product","link":"https:\/\/monicavarela.com\/es\/product\/hurita-minute-teeny-studs-sterling-silver\/","title":{"rendered":"Aretes Minute Teeny"},"content":{"rendered":"<p><a class=\"confirm_avail2\" href=\"https:\/\/wa.me\/18093508629?text=Hi,I%20would%20like%20to%20confirm%20availability%20of%20the%20Minute%20Teeny%20Studs\u2026https:\/\/monicavarela.com\/product\/hurita-minute-teeny-studs-sterling-silver\" rel=\"noopener\" target=\"_blank\">Confirma Disponibilidad<\/a><\/p>","protected":false},"excerpt":{"rendered":"<p>Monica Varela Jewelry empodera al opulento en busca de piezas de arte, dise\u00f1adas con detalles vanguardistas e infundidos por una imaginaci\u00f3n evolutiva y lo abstracto. Hecho a mano con \u00e9tica por artesanos de la Rep\u00fablica Dominicana con una mezcla elevada de t\u00e9cnicas de joyer\u00eda tradicionales y materiales de origen sostenible.<\/p>\n<p><span class=\"sptitle\">Minutos de aretes diminutos<\/span><\/p>","protected":false},"featured_media":41183,"template":"","meta":{"wds_primary_product_brand":0,"wds_primary_product_cat":0,"wds_primary_giftcard-category":0,"footnotes":"","_links_to":"","_links_to_target":""},"product_brand":[],"product_cat":[1007,236,1042],"product_tag":[991,987,1067,1039,1054,1056],"giftcard-category":[],"class_list":{"0":"post-12295","1":"product","2":"type-product","3":"status-publish","4":"has-post-thumbnail","6":"product_cat-shop","7":"product_cat-minute","8":"product_cat-for-her","9":"product_tag-for-her","10":"product_tag-under-300","11":"product_tag-under-400","12":"product_tag-mvbabes","13":"product_tag-platinum-micron-plating","14":"product_tag-silver","15":"pa_by-type-earrings","16":"pa_collection-minute-capsule","17":"pa_color-blazing-burgundy-dote-red","18":"pa_color-jazzy-green-electric-blue","19":"pa_material-925-sterling-silver","20":"pa_shop-for-babes","21":"pa_short-material-platinum-micron-plating","23":"first","24":"instock","25":"shipping-taxable","26":"purchasable","27":"product-type-variable","28":"has-default-attributes","29":"add-to-wishlist-before_image"},"_links":{"self":[{"href":"https:\/\/monicavarela.com\/es\/wp-json\/wp\/v2\/product\/12295","targetHints":{"allow":["GET"]}}],"collection":[{"href":"https:\/\/monicavarela.com\/es\/wp-json\/wp\/v2\/product"}],"about":[{"href":"https:\/\/monicavarela.com\/es\/wp-json\/wp\/v2\/types\/product"}],"version-history":[{"count":5,"href":"https:\/\/monicavarela.com\/es\/wp-json\/wp\/v2\/product\/12295\/revisions"}],"predecessor-version":[{"id":67753,"href":"https:\/\/monicavarela.com\/es\/wp-json\/wp\/v2\/product\/12295\/revisions\/67753"}],"wp:featuredmedia":[{"embeddable":true,"href":"https:\/\/monicavarela.com\/es\/wp-json\/wp\/v2\/media\/41183"}],"wp:attachment":[{"href":"https:\/\/monicavarela.com\/es\/wp-json\/wp\/v2\/media?parent=12295"}],"wp:term":[{"taxonomy":"product_brand","embeddable":true,"href":"https:\/\/monicavarela.com\/es\/wp-json\/wp\/v2\/product_brand?post=12295"},{"taxonomy":"product_cat","embeddable":true,"href":"https:\/\/monicavarela.com\/es\/wp-json\/wp\/v2\/product_cat?post=12295"},{"taxonomy":"product_tag","embeddable":true,"href":"https:\/\/monicavarela.com\/es\/wp-json\/wp\/v2\/product_tag?post=12295"},{"taxonomy":"giftcard-category","embeddable":true,"href":"https:\/\/monicavarela.com\/es\/wp-json\/wp\/v2\/giftcard-category?post=12295"}],"curies":[{"name":"wp","href":"https:\/\/api.w.org\/{rel}","templated":true}]}}