{"id":12280,"date":"2020-11-28T06:10:10","date_gmt":"2020-11-28T10:10:10","guid":{"rendered":"https:\/\/monicavarela.com\/product\/import-placeholder-for-10358\/"},"modified":"2026-04-14T14:26:09","modified_gmt":"2026-04-14T18:26:09","slug":"minute-detail-gold-vermeil","status":"publish","type":"product","link":"https:\/\/monicavarela.com\/es\/product\/minute-detail-gold-vermeil\/","title":{"rendered":"Aretes Minute"},"content":{"rendered":"<p><a class=\"confirm_avail2\" href=\"https:\/\/wa.me\/18093508629?text=Hi,I%20would%20like%20to%20confirm%20availability%20of%20the%20Minute%20Detail\u2026https:\/\/monicavarela.com\/product\/minute-detail-gold-vermeil\" rel=\"noopener\" target=\"_blank\">Confirma Disponibilidad<\/a><\/p>","protected":false},"excerpt":{"rendered":"<p>Monica Varela Jewelry empodera al opulento en busca de piezas de arte, dise\u00f1adas con detalles vanguardistas e infundidos por una imaginaci\u00f3n evolutiva y lo abstracto. Hecho a mano con \u00e9tica por artesanos de la Rep\u00fablica Dominicana con una mezcla elevada de t\u00e9cnicas de joyer\u00eda tradicionales y materiales de origen sostenible.<\/p>\n<p><span class=\"sptitle\">Aretes con detalles minuciosos<\/span><\/p>","protected":false},"featured_media":41151,"template":"","meta":{"wds_primary_product_brand":0,"wds_primary_product_cat":0,"wds_primary_giftcard-category":0,"footnotes":"","_links_to":"","_links_to_target":""},"product_brand":[],"product_cat":[1007,236],"product_tag":[1053,1010,991,987,1067,1055,985],"giftcard-category":[],"class_list":{"0":"post-12280","1":"product","2":"type-product","3":"status-publish","4":"has-post-thumbnail","6":"product_cat-shop","7":"product_cat-minute","8":"product_tag-18k-micron-plating","9":"product_tag-catalogo","10":"product_tag-for-her","11":"product_tag-under-300","12":"product_tag-under-400","13":"product_tag-gold","14":"product_tag-match-mom","15":"pa_by-type-earrings","16":"pa_collection-minute-capsule","17":"pa_color-blazing-burgundy","18":"pa_color-jazzy-green","19":"pa_color-electric-blue","20":"pa_color-dote-red","21":"pa_color-thorne-black","22":"pa_material-18k-gold-micron-plating","23":"pa_shop-for-babes","24":"pa_short-material-18k-micron-plating","26":"first","27":"instock","28":"featured","29":"shipping-taxable","30":"purchasable","31":"product-type-variable","32":"has-default-attributes","33":"add-to-wishlist-before_image"},"_links":{"self":[{"href":"https:\/\/monicavarela.com\/es\/wp-json\/wp\/v2\/product\/12280","targetHints":{"allow":["GET"]}}],"collection":[{"href":"https:\/\/monicavarela.com\/es\/wp-json\/wp\/v2\/product"}],"about":[{"href":"https:\/\/monicavarela.com\/es\/wp-json\/wp\/v2\/types\/product"}],"version-history":[{"count":5,"href":"https:\/\/monicavarela.com\/es\/wp-json\/wp\/v2\/product\/12280\/revisions"}],"predecessor-version":[{"id":67451,"href":"https:\/\/monicavarela.com\/es\/wp-json\/wp\/v2\/product\/12280\/revisions\/67451"}],"wp:featuredmedia":[{"embeddable":true,"href":"https:\/\/monicavarela.com\/es\/wp-json\/wp\/v2\/media\/41151"}],"wp:attachment":[{"href":"https:\/\/monicavarela.com\/es\/wp-json\/wp\/v2\/media?parent=12280"}],"wp:term":[{"taxonomy":"product_brand","embeddable":true,"href":"https:\/\/monicavarela.com\/es\/wp-json\/wp\/v2\/product_brand?post=12280"},{"taxonomy":"product_cat","embeddable":true,"href":"https:\/\/monicavarela.com\/es\/wp-json\/wp\/v2\/product_cat?post=12280"},{"taxonomy":"product_tag","embeddable":true,"href":"https:\/\/monicavarela.com\/es\/wp-json\/wp\/v2\/product_tag?post=12280"},{"taxonomy":"giftcard-category","embeddable":true,"href":"https:\/\/monicavarela.com\/es\/wp-json\/wp\/v2\/giftcard-category?post=12280"}],"curies":[{"name":"wp","href":"https:\/\/api.w.org\/{rel}","templated":true}]}}