{"id":12276,"date":"2021-01-08T06:10:10","date_gmt":"2021-01-08T10:10:10","guid":{"rendered":"https:\/\/monicavarela.com\/product\/import-placeholder-for-10376\/"},"modified":"2026-05-03T17:43:37","modified_gmt":"2026-05-03T21:43:37","slug":"minute-pendant-gold-vermeil","status":"publish","type":"product","link":"https:\/\/monicavarela.com\/es\/product\/minute-pendant-gold-vermeil\/","title":{"rendered":"Pendiente Minute"},"content":{"rendered":"<\/p>","protected":false},"excerpt":{"rendered":"<p>Monica Varela Jewelry empodera al opulento en busca de piezas de arte, dise\u00f1adas con detalles vanguardistas e infundidos por una imaginaci\u00f3n evolutiva y lo abstracto. Hecho a mano con \u00e9tica por artesanos de la Rep\u00fablica Dominicana con una mezcla elevada de t\u00e9cnicas de joyer\u00eda tradicionales y materiales de origen sostenible.<\/p>\n<p><span class=\"sptitle\">Minuto pendiente<\/span><\/p>","protected":false},"featured_media":29457,"template":"","meta":{"wds_primary_product_brand":0,"wds_primary_product_cat":0,"wds_primary_giftcard-category":0,"footnotes":"","_links_to":"","_links_to_target":""},"product_brand":[],"product_cat":[1007,236,1042],"product_tag":[1053,1010,991,987,1067,1055,985,1039],"giftcard-category":[],"class_list":{"0":"post-12276","1":"product","2":"type-product","3":"status-publish","4":"has-post-thumbnail","6":"product_cat-shop","7":"product_cat-minute","8":"product_cat-for-her","9":"product_tag-18k-micron-plating","10":"product_tag-catalogo","11":"product_tag-for-her","12":"product_tag-under-300","13":"product_tag-under-400","14":"product_tag-gold","15":"product_tag-match-mom","16":"product_tag-mvbabes","17":"pa_by-type-neckpieces","18":"pa_collection-minute-capsule","19":"pa_color-blazing-burgundy","20":"pa_color-jazzy-green","21":"pa_color-electric-blue","22":"pa_color-dote-red","23":"pa_color-thorne-black","24":"pa_material-18k-gold-micron-plating","25":"pa_shop-for-babes","26":"pa_short-material-18k-micron-plating","28":"first","29":"instock","30":"featured","31":"shipping-taxable","32":"purchasable","33":"product-type-variable","34":"has-default-attributes","35":"add-to-wishlist-before_image"},"_links":{"self":[{"href":"https:\/\/monicavarela.com\/es\/wp-json\/wp\/v2\/product\/12276","targetHints":{"allow":["GET"]}}],"collection":[{"href":"https:\/\/monicavarela.com\/es\/wp-json\/wp\/v2\/product"}],"about":[{"href":"https:\/\/monicavarela.com\/es\/wp-json\/wp\/v2\/types\/product"}],"version-history":[{"count":2,"href":"https:\/\/monicavarela.com\/es\/wp-json\/wp\/v2\/product\/12276\/revisions"}],"predecessor-version":[{"id":69394,"href":"https:\/\/monicavarela.com\/es\/wp-json\/wp\/v2\/product\/12276\/revisions\/69394"}],"wp:featuredmedia":[{"embeddable":true,"href":"https:\/\/monicavarela.com\/es\/wp-json\/wp\/v2\/media\/29457"}],"wp:attachment":[{"href":"https:\/\/monicavarela.com\/es\/wp-json\/wp\/v2\/media?parent=12276"}],"wp:term":[{"taxonomy":"product_brand","embeddable":true,"href":"https:\/\/monicavarela.com\/es\/wp-json\/wp\/v2\/product_brand?post=12276"},{"taxonomy":"product_cat","embeddable":true,"href":"https:\/\/monicavarela.com\/es\/wp-json\/wp\/v2\/product_cat?post=12276"},{"taxonomy":"product_tag","embeddable":true,"href":"https:\/\/monicavarela.com\/es\/wp-json\/wp\/v2\/product_tag?post=12276"},{"taxonomy":"giftcard-category","embeddable":true,"href":"https:\/\/monicavarela.com\/es\/wp-json\/wp\/v2\/giftcard-category?post=12276"}],"curies":[{"name":"wp","href":"https:\/\/api.w.org\/{rel}","templated":true}]}}