{"id":12234,"date":"2020-08-23T06:10:10","date_gmt":"2020-08-23T10:10:10","guid":{"rendered":"https:\/\/monicavarela.com\/product\/import-placeholder-for-10016\/"},"modified":"2026-03-08T21:28:13","modified_gmt":"2026-03-09T01:28:13","slug":"tannier-studs-sterling-silver","status":"publish","type":"product","link":"https:\/\/monicavarela.com\/es\/product\/tannier-studs-sterling-silver\/","title":{"rendered":"Tannier Studs Silver"},"content":{"rendered":"<p><a class=\"confirm\" href=\"https:\/\/wa.me\/18093508629?text=Hi,I%20would%20like%20to%20confirm%20availability%20of%20the%20Tannier%20Studs\u2026https:\/\/monicavarela.com\/product\/tannier-studs-sterling-silver\" rel=\"noopener\" target=\"_blank\">Confirma Disponibilidad<\/a><\/p>","protected":false},"excerpt":{"rendered":"<p>Monica Varela Jewelry empodera a los amantes de la opulencia art\u00edstica con dise\u00f1os de vanguardia impregnados de una imaginaci\u00f3n en evoluci\u00f3n y arte abstracto. Elaborados de manera \u00e9tica por artesanos de la Rep\u00fablica Dominicana con una combinaci\u00f3n elevada de t\u00e9cnicas de joyer\u00eda tradicionales y materiales de origen sostenible.<br \/>\nnorte<span class=\"sptitle\">Aretes Tannier<\/span><\/p>","protected":false},"featured_media":30256,"template":"","meta":{"wds_primary_product_brand":0,"wds_primary_product_cat":0,"wds_primary_giftcard-category":0,"footnotes":"","_links_to":"","_links_to_target":""},"product_brand":[],"product_cat":[1007,584],"product_tag":[991,1067,1054,1056],"giftcard-category":[],"class_list":{"0":"post-12234","1":"product","2":"type-product","3":"status-publish","4":"has-post-thumbnail","6":"product_cat-shop","7":"product_cat-uluzui","8":"product_tag-for-her","9":"product_tag-under-400","10":"product_tag-platinum-micron-plating","11":"product_tag-silver","12":"pa_by-type-earrings","13":"pa_collection-uluzui","14":"pa_material-925-sterling-silver","15":"pa_shop-for-babes","16":"pa_short-material-platinum-micron-plating","18":"first","19":"outofstock","20":"shipping-taxable","21":"purchasable","22":"product-type-simple","23":"add-to-wishlist-before_image"},"_links":{"self":[{"href":"https:\/\/monicavarela.com\/es\/wp-json\/wp\/v2\/product\/12234","targetHints":{"allow":["GET"]}}],"collection":[{"href":"https:\/\/monicavarela.com\/es\/wp-json\/wp\/v2\/product"}],"about":[{"href":"https:\/\/monicavarela.com\/es\/wp-json\/wp\/v2\/types\/product"}],"version-history":[{"count":5,"href":"https:\/\/monicavarela.com\/es\/wp-json\/wp\/v2\/product\/12234\/revisions"}],"predecessor-version":[{"id":67926,"href":"https:\/\/monicavarela.com\/es\/wp-json\/wp\/v2\/product\/12234\/revisions\/67926"}],"wp:featuredmedia":[{"embeddable":true,"href":"https:\/\/monicavarela.com\/es\/wp-json\/wp\/v2\/media\/30256"}],"wp:attachment":[{"href":"https:\/\/monicavarela.com\/es\/wp-json\/wp\/v2\/media?parent=12234"}],"wp:term":[{"taxonomy":"product_brand","embeddable":true,"href":"https:\/\/monicavarela.com\/es\/wp-json\/wp\/v2\/product_brand?post=12234"},{"taxonomy":"product_cat","embeddable":true,"href":"https:\/\/monicavarela.com\/es\/wp-json\/wp\/v2\/product_cat?post=12234"},{"taxonomy":"product_tag","embeddable":true,"href":"https:\/\/monicavarela.com\/es\/wp-json\/wp\/v2\/product_tag?post=12234"},{"taxonomy":"giftcard-category","embeddable":true,"href":"https:\/\/monicavarela.com\/es\/wp-json\/wp\/v2\/giftcard-category?post=12234"}],"curies":[{"name":"wp","href":"https:\/\/api.w.org\/{rel}","templated":true}]}}