{"id":12233,"date":"2020-09-12T06:10:10","date_gmt":"2020-09-12T10:10:10","guid":{"rendered":"https:\/\/monicavarela.com\/product\/import-placeholder-for-10026\/"},"modified":"2026-03-08T21:24:41","modified_gmt":"2026-03-09T01:24:41","slug":"wisdom-brooch-gold-vermeil","status":"publish","type":"product","link":"https:\/\/monicavarela.com\/es\/product\/wisdom-brooch-gold-vermeil\/","title":{"rendered":"Wisdom Brooch Gold"},"content":{"rendered":"<p><a class=\"confirm\" href=\"https:\/\/wa.me\/18093508629?text=Hi,I%20would%20like%20to%20confirm%20availability%20of%20the%20Wisdom%20Pin\u2026https:\/\/monicavarela.com\/product\/wisdom-brooch-gold-vermeil\" rel=\"noopener\" target=\"_blank\">Confirma Disponibilidad<\/a><\/p>","protected":false},"excerpt":{"rendered":"<p>Monica Varela Jewelry empodera a los amantes de la opulencia art\u00edstica con dise\u00f1os de vanguardia impregnados de una imaginaci\u00f3n en evoluci\u00f3n y arte abstracto. Elaborados de manera \u00e9tica por artesanos de la Rep\u00fablica Dominicana con una combinaci\u00f3n elevada de t\u00e9cnicas de joyer\u00eda tradicionales y materiales de origen sostenible.<br \/>\nnorte<span class=\"sptitle\">Pin Wisdom<\/span><\/p>","protected":false},"featured_media":32475,"template":"","meta":{"wds_primary_product_brand":0,"wds_primary_product_cat":0,"wds_primary_giftcard-category":0,"footnotes":"","_links_to":"","_links_to_target":""},"product_brand":[],"product_cat":[1007,1044,584],"product_tag":[1053,991,993,987,1067,1055],"giftcard-category":[],"class_list":{"0":"post-12233","1":"product","2":"type-product","3":"status-publish","4":"has-post-thumbnail","6":"product_cat-shop","7":"product_cat-for-him","8":"product_cat-uluzui","9":"product_tag-18k-micron-plating","10":"product_tag-for-her","11":"product_tag-for-him","12":"product_tag-under-300","13":"product_tag-under-400","14":"product_tag-gold","15":"pa_by-type-pins","16":"pa_collection-uluzui","17":"pa_material-18k-gold-micron-plating","18":"pa_shop-for-babes","19":"pa_short-material-18k-micron-plating","21":"first","22":"outofstock","23":"shipping-taxable","24":"purchasable","25":"product-type-simple","26":"add-to-wishlist-before_image"},"_links":{"self":[{"href":"https:\/\/monicavarela.com\/es\/wp-json\/wp\/v2\/product\/12233","targetHints":{"allow":["GET"]}}],"collection":[{"href":"https:\/\/monicavarela.com\/es\/wp-json\/wp\/v2\/product"}],"about":[{"href":"https:\/\/monicavarela.com\/es\/wp-json\/wp\/v2\/types\/product"}],"version-history":[{"count":5,"href":"https:\/\/monicavarela.com\/es\/wp-json\/wp\/v2\/product\/12233\/revisions"}],"predecessor-version":[{"id":67929,"href":"https:\/\/monicavarela.com\/es\/wp-json\/wp\/v2\/product\/12233\/revisions\/67929"}],"wp:featuredmedia":[{"embeddable":true,"href":"https:\/\/monicavarela.com\/es\/wp-json\/wp\/v2\/media\/32475"}],"wp:attachment":[{"href":"https:\/\/monicavarela.com\/es\/wp-json\/wp\/v2\/media?parent=12233"}],"wp:term":[{"taxonomy":"product_brand","embeddable":true,"href":"https:\/\/monicavarela.com\/es\/wp-json\/wp\/v2\/product_brand?post=12233"},{"taxonomy":"product_cat","embeddable":true,"href":"https:\/\/monicavarela.com\/es\/wp-json\/wp\/v2\/product_cat?post=12233"},{"taxonomy":"product_tag","embeddable":true,"href":"https:\/\/monicavarela.com\/es\/wp-json\/wp\/v2\/product_tag?post=12233"},{"taxonomy":"giftcard-category","embeddable":true,"href":"https:\/\/monicavarela.com\/es\/wp-json\/wp\/v2\/giftcard-category?post=12233"}],"curies":[{"name":"wp","href":"https:\/\/api.w.org\/{rel}","templated":true}]}}