{"id":12204,"date":"2026-02-16T11:53:01","date_gmt":"2026-02-16T15:53:01","guid":{"rendered":"https:\/\/monicavarela.com\/product\/import-placeholder-for-10120\/"},"modified":"2026-03-20T16:55:02","modified_gmt":"2026-03-20T20:55:02","slug":"trinity-cuff-sterling-silver","status":"publish","type":"product","link":"https:\/\/monicavarela.com\/es\/product\/trinity-cuff-sterling-silver\/","title":{"rendered":"Pulsera Trinity"},"content":{"rendered":"<p><a class=\"confirm_avail2\" href=\"https:\/\/wa.me\/18093508629?text=Hi,I%20would%20like%20to%20confirm%20availability%20of%20the%20Trinity%20Cuff\u2026https:\/\/monicavarela.com\/product\/trinity-cuff-sterling-silver\" target=\"_blank\" rel=\"noopener\">Confirma Disponibilidad<\/a><\/p>","protected":false},"excerpt":{"rendered":"<p>Monica Varela Jewelry empodera al opulento en busca de piezas de arte, dise\u00f1adas con detalles vanguardistas e infundidos por una imaginaci\u00f3n evolutiva y lo abstracto. Hecho a mano con \u00e9tica por artesanos de la Rep\u00fablica Dominicana con una mezcla elevada de t\u00e9cnicas de joyer\u00eda tradicionales y materiales de origen sostenible.<br \/>\n<span class=\"sptitle\">Pulsera de la trinidad<\/span><\/p>","protected":false},"featured_media":36262,"template":"","meta":{"wds_primary_product_brand":0,"wds_primary_product_cat":0,"wds_primary_giftcard-category":0,"footnotes":"","_links_to":"","_links_to_target":""},"product_brand":[],"product_cat":[1066,1007,1043,585],"product_tag":[991,1040,1054,740,1056,656],"giftcard-category":[],"class_list":{"0":"post-12204","1":"product","2":"type-product","3":"status-publish","4":"has-post-thumbnail","6":"product_cat-ocultos","7":"product_cat-shop","8":"product_cat-iconics","9":"product_cat-yoem","10":"product_tag-for-her","11":"product_tag-iconic","12":"product_tag-platinum-micron-plating","13":"product_tag-radiant-coquette","14":"product_tag-silver","15":"product_tag-designer","16":"pa_by-type-bracelets","17":"pa_collection-yoem","18":"pa_color-blazing-burgundy","19":"pa_color-jazzy-green","20":"pa_color-electric-blue","21":"pa_color-dote-red","22":"pa_color-thorne-black","23":"pa_material-925-sterling-silver","24":"pa_shop-for-babes","25":"pa_wrist-size-s","26":"pa_wrist-size-m","28":"first","29":"instock","30":"shipping-taxable","31":"purchasable","32":"product-type-variable","33":"has-default-attributes","34":"add-to-wishlist-before_image"},"_links":{"self":[{"href":"https:\/\/monicavarela.com\/es\/wp-json\/wp\/v2\/product\/12204","targetHints":{"allow":["GET"]}}],"collection":[{"href":"https:\/\/monicavarela.com\/es\/wp-json\/wp\/v2\/product"}],"about":[{"href":"https:\/\/monicavarela.com\/es\/wp-json\/wp\/v2\/types\/product"}],"version-history":[{"count":5,"href":"https:\/\/monicavarela.com\/es\/wp-json\/wp\/v2\/product\/12204\/revisions"}],"predecessor-version":[{"id":68183,"href":"https:\/\/monicavarela.com\/es\/wp-json\/wp\/v2\/product\/12204\/revisions\/68183"}],"wp:featuredmedia":[{"embeddable":true,"href":"https:\/\/monicavarela.com\/es\/wp-json\/wp\/v2\/media\/36262"}],"wp:attachment":[{"href":"https:\/\/monicavarela.com\/es\/wp-json\/wp\/v2\/media?parent=12204"}],"wp:term":[{"taxonomy":"product_brand","embeddable":true,"href":"https:\/\/monicavarela.com\/es\/wp-json\/wp\/v2\/product_brand?post=12204"},{"taxonomy":"product_cat","embeddable":true,"href":"https:\/\/monicavarela.com\/es\/wp-json\/wp\/v2\/product_cat?post=12204"},{"taxonomy":"product_tag","embeddable":true,"href":"https:\/\/monicavarela.com\/es\/wp-json\/wp\/v2\/product_tag?post=12204"},{"taxonomy":"giftcard-category","embeddable":true,"href":"https:\/\/monicavarela.com\/es\/wp-json\/wp\/v2\/giftcard-category?post=12204"}],"curies":[{"name":"wp","href":"https:\/\/api.w.org\/{rel}","templated":true}]}}