{"id":12186,"date":"2020-10-22T06:10:10","date_gmt":"2020-10-22T10:10:10","guid":{"rendered":"https:\/\/monicavarela.com\/product\/import-placeholder-for-10200\/"},"modified":"2026-03-02T02:41:01","modified_gmt":"2026-03-02T06:41:01","slug":"web-ring-sterling-silver","status":"publish","type":"product","link":"https:\/\/monicavarela.com\/es\/product\/web-ring-sterling-silver\/","title":{"rendered":"Anillo Web"},"content":{"rendered":"<p><a class=\"confirm_avail2\" href=\"https:\/\/wa.me\/18093508629?text=Hi,I%20would%20like%20to%20confirm%20availability%20of%20the%20Web%20Ring\u2026https:\/\/monicavarela.com\/product\/web-ring-sterling-silver\" rel=\"noopener\" target=\"_blank\">Confirma Disponibilidad<\/a><\/p>","protected":false},"excerpt":{"rendered":"<p>Monica Varela Jewelry empodera al opulento en busca de piezas de arte, dise\u00f1adas con detalles vanguardistas e infundidos por una imaginaci\u00f3n evolutiva y lo abstracto. Hecho a mano con \u00e9tica por artesanos de la Rep\u00fablica Dominicana con una mezcla elevada de t\u00e9cnicas de joyer\u00eda tradicionales y materiales de origen sostenible.<br \/>\n<span class=\"sptitle\">Web Anillo<\/span><\/p>","protected":false},"featured_media":32348,"template":"","meta":{"wds_primary_product_brand":0,"wds_primary_product_cat":0,"wds_primary_giftcard-category":0,"footnotes":"","_links_to":"","_links_to_target":""},"product_brand":[],"product_cat":[1007,585],"product_tag":[991,1054,934,1056,656],"giftcard-category":[],"class_list":{"0":"post-12186","1":"product","2":"type-product","3":"status-publish","4":"has-post-thumbnail","6":"product_cat-shop","7":"product_cat-yoem","8":"product_tag-for-her","9":"product_tag-platinum-micron-plating","10":"product_tag-rings","11":"product_tag-silver","12":"product_tag-designer","13":"pa_by-type-rings","14":"pa_collection-yoem","15":"pa_color-blazing-burgundy","16":"pa_color-jazzy-green","17":"pa_color-electric-blue","18":"pa_color-dote-red","19":"pa_color-thorne-black","20":"pa_material-925-sterling-silver","21":"pa_ring-size-221","22":"pa_ring-size-4-5","23":"pa_ring-size-223","24":"pa_ring-size-5-5","25":"pa_ring-size-225","26":"pa_ring-size-6-5","27":"pa_ring-size-227","28":"pa_ring-size-7-5","29":"pa_ring-size-229","30":"pa_ring-size-8-5","31":"pa_ring-size-231","32":"pa_ring-size-9-5","33":"pa_ring-size-233","34":"pa_shop-for-babes","35":"pa_short-material-platinum-micron-plating","37":"first","38":"instock","39":"shipping-taxable","40":"purchasable","41":"product-type-variable","42":"has-default-attributes","43":"add-to-wishlist-before_image"},"_links":{"self":[{"href":"https:\/\/monicavarela.com\/es\/wp-json\/wp\/v2\/product\/12186","targetHints":{"allow":["GET"]}}],"collection":[{"href":"https:\/\/monicavarela.com\/es\/wp-json\/wp\/v2\/product"}],"about":[{"href":"https:\/\/monicavarela.com\/es\/wp-json\/wp\/v2\/types\/product"}],"version-history":[{"count":5,"href":"https:\/\/monicavarela.com\/es\/wp-json\/wp\/v2\/product\/12186\/revisions"}],"predecessor-version":[{"id":67426,"href":"https:\/\/monicavarela.com\/es\/wp-json\/wp\/v2\/product\/12186\/revisions\/67426"}],"wp:featuredmedia":[{"embeddable":true,"href":"https:\/\/monicavarela.com\/es\/wp-json\/wp\/v2\/media\/32348"}],"wp:attachment":[{"href":"https:\/\/monicavarela.com\/es\/wp-json\/wp\/v2\/media?parent=12186"}],"wp:term":[{"taxonomy":"product_brand","embeddable":true,"href":"https:\/\/monicavarela.com\/es\/wp-json\/wp\/v2\/product_brand?post=12186"},{"taxonomy":"product_cat","embeddable":true,"href":"https:\/\/monicavarela.com\/es\/wp-json\/wp\/v2\/product_cat?post=12186"},{"taxonomy":"product_tag","embeddable":true,"href":"https:\/\/monicavarela.com\/es\/wp-json\/wp\/v2\/product_tag?post=12186"},{"taxonomy":"giftcard-category","embeddable":true,"href":"https:\/\/monicavarela.com\/es\/wp-json\/wp\/v2\/giftcard-category?post=12186"}],"curies":[{"name":"wp","href":"https:\/\/api.w.org\/{rel}","templated":true}]}}