{"id":12185,"date":"2026-02-16T11:53:15","date_gmt":"2026-02-16T15:53:15","guid":{"rendered":"https:\/\/monicavarela.com\/product\/import-placeholder-for-10014\/"},"modified":"2026-03-02T12:41:48","modified_gmt":"2026-03-02T16:41:48","slug":"drop-necklace-gold-vermeil","status":"publish","type":"product","link":"https:\/\/monicavarela.com\/es\/product\/drop-necklace-gold-vermeil\/","title":{"rendered":"Collar Drop"},"content":{"rendered":"<p><a class=\"confirm_avail2\" href=\"https:\/\/wa.me\/18093508629?text=Hi,I%20would%20like%20to%20confirm%20availability%20of%20the%20Drop%20Necklace\u2026https:\/\/monicavarela.com\/product\/dropecklace-gold-vermeil\" rel=\"noopener\" target=\"_blank\">Confirma Disponibilidad<\/a><\/p>","protected":false},"excerpt":{"rendered":"<p>Monica Varela Jewelry empodera a los amantes de la opulencia art\u00edstica con dise\u00f1os de vanguardia impregnados de una imaginaci\u00f3n en constante evoluci\u00f3n y arte abstracto. Elaborados de manera \u00e9tica por artesanos de la Rep\u00fablica Dominicana con una combinaci\u00f3n elevada de t\u00e9cnicas de joyer\u00eda tradicionales y materiales de origen sostenible.<span class=\"sptitle\">Cuello ca\u00eddo<\/span><\/p>","protected":false},"featured_media":32422,"template":"","meta":{"wds_primary_product_brand":0,"wds_primary_product_cat":0,"wds_primary_giftcard-category":0,"footnotes":"","_links_to":"","_links_to_target":""},"product_brand":[],"product_cat":[1007,93],"product_tag":[1053,991,1055,980],"giftcard-category":[],"class_list":{"0":"post-12185","1":"product","2":"type-product","3":"status-publish","4":"has-post-thumbnail","6":"product_cat-shop","7":"product_cat-falie","8":"product_tag-18k-micron-plating","9":"product_tag-for-her","10":"product_tag-gold","11":"product_tag-yes","12":"pa_by-type-neckpieces","13":"pa_collection-falie","14":"pa_material-18k-gold-micron-plating","15":"pa_shop-for-babes","16":"pa_short-material-18k-micron-plating","17":"pa_size-s","19":"first","20":"instock","21":"shipping-taxable","22":"purchasable","23":"product-type-variable","24":"has-default-attributes","25":"add-to-wishlist-before_image"},"_links":{"self":[{"href":"https:\/\/monicavarela.com\/es\/wp-json\/wp\/v2\/product\/12185","targetHints":{"allow":["GET"]}}],"collection":[{"href":"https:\/\/monicavarela.com\/es\/wp-json\/wp\/v2\/product"}],"about":[{"href":"https:\/\/monicavarela.com\/es\/wp-json\/wp\/v2\/types\/product"}],"version-history":[{"count":5,"href":"https:\/\/monicavarela.com\/es\/wp-json\/wp\/v2\/product\/12185\/revisions"}],"predecessor-version":[{"id":67404,"href":"https:\/\/monicavarela.com\/es\/wp-json\/wp\/v2\/product\/12185\/revisions\/67404"}],"wp:featuredmedia":[{"embeddable":true,"href":"https:\/\/monicavarela.com\/es\/wp-json\/wp\/v2\/media\/32422"}],"wp:attachment":[{"href":"https:\/\/monicavarela.com\/es\/wp-json\/wp\/v2\/media?parent=12185"}],"wp:term":[{"taxonomy":"product_brand","embeddable":true,"href":"https:\/\/monicavarela.com\/es\/wp-json\/wp\/v2\/product_brand?post=12185"},{"taxonomy":"product_cat","embeddable":true,"href":"https:\/\/monicavarela.com\/es\/wp-json\/wp\/v2\/product_cat?post=12185"},{"taxonomy":"product_tag","embeddable":true,"href":"https:\/\/monicavarela.com\/es\/wp-json\/wp\/v2\/product_tag?post=12185"},{"taxonomy":"giftcard-category","embeddable":true,"href":"https:\/\/monicavarela.com\/es\/wp-json\/wp\/v2\/giftcard-category?post=12185"}],"curies":[{"name":"wp","href":"https:\/\/api.w.org\/{rel}","templated":true}]}}