{"id":12184,"date":"2026-02-16T11:53:14","date_gmt":"2026-02-16T15:53:14","guid":{"rendered":"https:\/\/monicavarela.com\/product\/import-placeholder-for-10015\/"},"modified":"2026-03-02T12:41:48","modified_gmt":"2026-03-02T16:41:48","slug":"drop-necklace-sterling-silver","status":"publish","type":"product","link":"https:\/\/monicavarela.com\/es\/product\/drop-necklace-sterling-silver\/","title":{"rendered":"Collar Drop"},"content":{"rendered":"<p><a class=\"confirm_avail2\" href=\"https:\/\/wa.me\/18093508629?text=Hi,I%20would%20like%20to%20confirm%20availability%20of%20the%20Drop%20Necklace\u2026https:\/\/monicavarela.com\/product\/dropecklace-sterling-silver\" rel=\"noopener\" target=\"_blank\">Confirma Disponibilidad<\/a><\/p>","protected":false},"excerpt":{"rendered":"<p>Monica Varela Jewelry empodera a los amantes de la opulencia art\u00edstica con dise\u00f1os de vanguardia impregnados de una imaginaci\u00f3n en constante evoluci\u00f3n y arte abstracto. Elaborados de manera \u00e9tica por artesanos de la Rep\u00fablica Dominicana con una combinaci\u00f3n elevada de t\u00e9cnicas de joyer\u00eda tradicionales y materiales de origen sostenible.<span class=\"sptitle\">Cuello ca\u00eddo<\/span><\/p>","protected":false},"featured_media":32465,"template":"","meta":{"wds_primary_product_brand":0,"wds_primary_product_cat":0,"wds_primary_giftcard-category":0,"footnotes":"","_links_to":"","_links_to_target":""},"product_brand":[],"product_cat":[1007,93],"product_tag":[991,1054,1056,980],"giftcard-category":[],"class_list":{"0":"post-12184","1":"product","2":"type-product","3":"status-publish","4":"has-post-thumbnail","6":"product_cat-shop","7":"product_cat-falie","8":"product_tag-for-her","9":"product_tag-platinum-micron-plating","10":"product_tag-silver","11":"product_tag-yes","12":"pa_by-type-neckpieces","13":"pa_collection-falie","14":"pa_material-925-sterling-silver","15":"pa_shop-for-babes","16":"pa_short-material-platinum-micron-plating","17":"pa_size-s","18":"pa_size-m","20":"first","21":"instock","22":"shipping-taxable","23":"purchasable","24":"product-type-variable","25":"has-default-attributes","26":"add-to-wishlist-before_image"},"_links":{"self":[{"href":"https:\/\/monicavarela.com\/es\/wp-json\/wp\/v2\/product\/12184","targetHints":{"allow":["GET"]}}],"collection":[{"href":"https:\/\/monicavarela.com\/es\/wp-json\/wp\/v2\/product"}],"about":[{"href":"https:\/\/monicavarela.com\/es\/wp-json\/wp\/v2\/types\/product"}],"version-history":[{"count":5,"href":"https:\/\/monicavarela.com\/es\/wp-json\/wp\/v2\/product\/12184\/revisions"}],"predecessor-version":[{"id":67405,"href":"https:\/\/monicavarela.com\/es\/wp-json\/wp\/v2\/product\/12184\/revisions\/67405"}],"wp:featuredmedia":[{"embeddable":true,"href":"https:\/\/monicavarela.com\/es\/wp-json\/wp\/v2\/media\/32465"}],"wp:attachment":[{"href":"https:\/\/monicavarela.com\/es\/wp-json\/wp\/v2\/media?parent=12184"}],"wp:term":[{"taxonomy":"product_brand","embeddable":true,"href":"https:\/\/monicavarela.com\/es\/wp-json\/wp\/v2\/product_brand?post=12184"},{"taxonomy":"product_cat","embeddable":true,"href":"https:\/\/monicavarela.com\/es\/wp-json\/wp\/v2\/product_cat?post=12184"},{"taxonomy":"product_tag","embeddable":true,"href":"https:\/\/monicavarela.com\/es\/wp-json\/wp\/v2\/product_tag?post=12184"},{"taxonomy":"giftcard-category","embeddable":true,"href":"https:\/\/monicavarela.com\/es\/wp-json\/wp\/v2\/giftcard-category?post=12184"}],"curies":[{"name":"wp","href":"https:\/\/api.w.org\/{rel}","templated":true}]}}