{"id":12179,"date":"2026-02-16T11:53:18","date_gmt":"2026-02-16T15:53:18","guid":{"rendered":"https:\/\/monicavarela.com\/product\/import-placeholder-for-10135\/"},"modified":"2026-05-03T17:41:14","modified_gmt":"2026-05-03T21:41:14","slug":"dropless-ring-sterling-silver","status":"publish","type":"product","link":"https:\/\/monicavarela.com\/es\/product\/dropless-ring-sterling-silver\/","title":{"rendered":"Dropless Ring Silver"},"content":{"rendered":"<\/p>","protected":false},"excerpt":{"rendered":"<p>Monica Varela Jewelry empodera al opulento en busca de piezas de arte, dise\u00f1adas con detalles vanguardistas e infundidos por una imaginaci\u00f3n evolutiva y lo abstracto. Hecho a mano con \u00e9tica por artesanos de la Rep\u00fablica Dominicana con una mezcla elevada de t\u00e9cnicas de joyer\u00eda tradicionales y materiales de origen sostenible.<br \/>\n<span class=\"sptitle\">Anillo sin gotas<\/span><\/p>","protected":false},"featured_media":25198,"template":"","meta":{"wds_primary_product_brand":0,"wds_primary_product_cat":0,"wds_primary_giftcard-category":0,"footnotes":"","_links_to":"","_links_to_target":""},"product_brand":[],"product_cat":[1007,93],"product_tag":[991,1067,1054,934,1056],"giftcard-category":[],"class_list":{"0":"post-12179","1":"product","2":"type-product","3":"status-publish","4":"has-post-thumbnail","6":"product_cat-shop","7":"product_cat-falie","8":"product_tag-for-her","9":"product_tag-under-400","10":"product_tag-platinum-micron-plating","11":"product_tag-rings","12":"product_tag-silver","13":"pa_by-type-rings","14":"pa_collection-falie","15":"pa_material-925-sterling-silver","16":"pa_ring-size-221","17":"pa_ring-size-4-5","18":"pa_ring-size-223","19":"pa_ring-size-5-5","20":"pa_ring-size-225","21":"pa_ring-size-6-5","22":"pa_ring-size-227","23":"pa_ring-size-7-5","24":"pa_ring-size-229","25":"pa_ring-size-8-5","26":"pa_ring-size-231","27":"pa_ring-size-9-5","28":"pa_ring-size-233","29":"pa_shop-for-babes","30":"pa_short-material-platinum-micron-plating","32":"first","33":"outofstock","34":"shipping-taxable","35":"purchasable","36":"product-type-variable","37":"has-default-attributes","38":"add-to-wishlist-before_image"},"_links":{"self":[{"href":"https:\/\/monicavarela.com\/es\/wp-json\/wp\/v2\/product\/12179","targetHints":{"allow":["GET"]}}],"collection":[{"href":"https:\/\/monicavarela.com\/es\/wp-json\/wp\/v2\/product"}],"about":[{"href":"https:\/\/monicavarela.com\/es\/wp-json\/wp\/v2\/types\/product"}],"version-history":[{"count":2,"href":"https:\/\/monicavarela.com\/es\/wp-json\/wp\/v2\/product\/12179\/revisions"}],"predecessor-version":[{"id":69277,"href":"https:\/\/monicavarela.com\/es\/wp-json\/wp\/v2\/product\/12179\/revisions\/69277"}],"wp:featuredmedia":[{"embeddable":true,"href":"https:\/\/monicavarela.com\/es\/wp-json\/wp\/v2\/media\/25198"}],"wp:attachment":[{"href":"https:\/\/monicavarela.com\/es\/wp-json\/wp\/v2\/media?parent=12179"}],"wp:term":[{"taxonomy":"product_brand","embeddable":true,"href":"https:\/\/monicavarela.com\/es\/wp-json\/wp\/v2\/product_brand?post=12179"},{"taxonomy":"product_cat","embeddable":true,"href":"https:\/\/monicavarela.com\/es\/wp-json\/wp\/v2\/product_cat?post=12179"},{"taxonomy":"product_tag","embeddable":true,"href":"https:\/\/monicavarela.com\/es\/wp-json\/wp\/v2\/product_tag?post=12179"},{"taxonomy":"giftcard-category","embeddable":true,"href":"https:\/\/monicavarela.com\/es\/wp-json\/wp\/v2\/giftcard-category?post=12179"}],"curies":[{"name":"wp","href":"https:\/\/api.w.org\/{rel}","templated":true}]}}