{"id":12173,"date":"2020-09-21T06:10:10","date_gmt":"2020-09-21T10:10:10","guid":{"rendered":"https:\/\/monicavarela.com\/product\/import-placeholder-for-10133\/"},"modified":"2026-05-03T17:41:36","modified_gmt":"2026-05-03T21:41:36","slug":"golden-hour-drop-dangle-gold-vermeil","status":"publish","type":"product","link":"https:\/\/monicavarela.com\/es\/product\/golden-hour-drop-dangle-gold-vermeil\/","title":{"rendered":"Aretes Golden Hour Drop"},"content":{"rendered":"<\/p>","protected":false},"excerpt":{"rendered":"<p>Monica Varela Jewelry empodera al opulento en busca de piezas de arte, dise\u00f1adas con detalles vanguardistas e infundidos por una imaginaci\u00f3n evolutiva y lo abstracto. Hecho a mano con \u00e9tica por artesanos de la Rep\u00fablica Dominicana con una mezcla elevada de t\u00e9cnicas de joyer\u00eda tradicionales y materiales de origen sostenible.<br \/>\n<span class=\"sptitle\">Pendientes colgantes de la hora dorada<\/span><\/p>","protected":false},"featured_media":33832,"template":"","meta":{"wds_primary_product_brand":0,"wds_primary_product_cat":0,"wds_primary_giftcard-category":0,"footnotes":"","_links_to":"","_links_to_target":""},"product_brand":[],"product_cat":[1007,93],"product_tag":[1053,991,1055],"giftcard-category":[],"class_list":{"0":"post-12173","1":"product","2":"type-product","3":"status-publish","4":"has-post-thumbnail","6":"product_cat-shop","7":"product_cat-falie","8":"product_tag-18k-micron-plating","9":"product_tag-for-her","10":"product_tag-gold","11":"pa_by-type-earrings","12":"pa_collection-falie","13":"pa_color-blazing-burgundy","14":"pa_color-jazzy-green","15":"pa_color-electric-blue","16":"pa_color-dote-red","17":"pa_color-thorne-black","18":"pa_material-18k-gold-micron-plating","19":"pa_shop-for-babes","20":"pa_short-material-18k-micron-plating","22":"first","23":"instock","24":"shipping-taxable","25":"purchasable","26":"product-type-variable","27":"has-default-attributes","28":"add-to-wishlist-before_image"},"_links":{"self":[{"href":"https:\/\/monicavarela.com\/es\/wp-json\/wp\/v2\/product\/12173","targetHints":{"allow":["GET"]}}],"collection":[{"href":"https:\/\/monicavarela.com\/es\/wp-json\/wp\/v2\/product"}],"about":[{"href":"https:\/\/monicavarela.com\/es\/wp-json\/wp\/v2\/types\/product"}],"version-history":[{"count":2,"href":"https:\/\/monicavarela.com\/es\/wp-json\/wp\/v2\/product\/12173\/revisions"}],"predecessor-version":[{"id":69295,"href":"https:\/\/monicavarela.com\/es\/wp-json\/wp\/v2\/product\/12173\/revisions\/69295"}],"wp:featuredmedia":[{"embeddable":true,"href":"https:\/\/monicavarela.com\/es\/wp-json\/wp\/v2\/media\/33832"}],"wp:attachment":[{"href":"https:\/\/monicavarela.com\/es\/wp-json\/wp\/v2\/media?parent=12173"}],"wp:term":[{"taxonomy":"product_brand","embeddable":true,"href":"https:\/\/monicavarela.com\/es\/wp-json\/wp\/v2\/product_brand?post=12173"},{"taxonomy":"product_cat","embeddable":true,"href":"https:\/\/monicavarela.com\/es\/wp-json\/wp\/v2\/product_cat?post=12173"},{"taxonomy":"product_tag","embeddable":true,"href":"https:\/\/monicavarela.com\/es\/wp-json\/wp\/v2\/product_tag?post=12173"},{"taxonomy":"giftcard-category","embeddable":true,"href":"https:\/\/monicavarela.com\/es\/wp-json\/wp\/v2\/giftcard-category?post=12173"}],"curies":[{"name":"wp","href":"https:\/\/api.w.org\/{rel}","templated":true}]}}