{"id":12125,"date":"2020-10-27T06:10:10","date_gmt":"2020-10-27T10:10:10","guid":{"rendered":"https:\/\/monicavarela.com\/product\/import-placeholder-for-10033\/"},"modified":"2026-05-03T17:42:43","modified_gmt":"2026-05-03T21:42:43","slug":"knot-t-necklace-gold-vermeil","status":"publish","type":"product","link":"https:\/\/monicavarela.com\/es\/product\/knot-t-necklace-gold-vermeil\/","title":{"rendered":"Collar Knot T"},"content":{"rendered":"<\/p>","protected":false},"excerpt":{"rendered":"<p>Monica Varela Jewelry empodera al opulento en busca de piezas de arte, dise\u00f1adas con detalles vanguardistas e infundidos por una imaginaci\u00f3n evolutiva y lo abstracto. Hecho a mano con \u00e9tica por artesanos de la Rep\u00fablica Dominicana con una mezcla elevada de t\u00e9cnicas de joyer\u00eda tradicionales y materiales de origen sostenible.<br \/>\n<span class=\"sptitle\">Nudo de cuello T<\/span><\/p>","protected":false},"featured_media":33548,"template":"","meta":{"wds_primary_product_brand":0,"wds_primary_product_cat":0,"wds_primary_giftcard-category":0,"footnotes":"","_links_to":"","_links_to_target":""},"product_brand":[],"product_cat":[1007,92,1041],"product_tag":[1053,1010,991,1055,975,1038],"giftcard-category":[],"class_list":{"0":"post-12125","1":"product","2":"type-product","3":"status-publish","4":"has-post-thumbnail","6":"product_cat-shop","7":"product_cat-hurita","8":"product_cat-the-mv-edit","9":"product_tag-18k-micron-plating","10":"product_tag-catalogo","11":"product_tag-for-her","12":"product_tag-gold","13":"product_tag-the-elemental-grace-set","14":"product_tag-holiday-edit","15":"pa_by-type-neckpieces","16":"pa_collection-hurita","17":"pa_color-blazing-burgundy","18":"pa_color-jazzy-green","19":"pa_color-electric-blue","20":"pa_color-dote-red","21":"pa_color-thorne-black","22":"pa_material-18k-gold-micron-plating","23":"pa_shop-for-babes","24":"pa_short-material-18k-micron-plating","26":"first","27":"instock","28":"shipping-taxable","29":"purchasable","30":"product-type-variable","31":"has-default-attributes","32":"add-to-wishlist-before_image"},"_links":{"self":[{"href":"https:\/\/monicavarela.com\/es\/wp-json\/wp\/v2\/product\/12125","targetHints":{"allow":["GET"]}}],"collection":[{"href":"https:\/\/monicavarela.com\/es\/wp-json\/wp\/v2\/product"}],"about":[{"href":"https:\/\/monicavarela.com\/es\/wp-json\/wp\/v2\/types\/product"}],"version-history":[{"count":2,"href":"https:\/\/monicavarela.com\/es\/wp-json\/wp\/v2\/product\/12125\/revisions"}],"predecessor-version":[{"id":69350,"href":"https:\/\/monicavarela.com\/es\/wp-json\/wp\/v2\/product\/12125\/revisions\/69350"}],"wp:featuredmedia":[{"embeddable":true,"href":"https:\/\/monicavarela.com\/es\/wp-json\/wp\/v2\/media\/33548"}],"wp:attachment":[{"href":"https:\/\/monicavarela.com\/es\/wp-json\/wp\/v2\/media?parent=12125"}],"wp:term":[{"taxonomy":"product_brand","embeddable":true,"href":"https:\/\/monicavarela.com\/es\/wp-json\/wp\/v2\/product_brand?post=12125"},{"taxonomy":"product_cat","embeddable":true,"href":"https:\/\/monicavarela.com\/es\/wp-json\/wp\/v2\/product_cat?post=12125"},{"taxonomy":"product_tag","embeddable":true,"href":"https:\/\/monicavarela.com\/es\/wp-json\/wp\/v2\/product_tag?post=12125"},{"taxonomy":"giftcard-category","embeddable":true,"href":"https:\/\/monicavarela.com\/es\/wp-json\/wp\/v2\/giftcard-category?post=12125"}],"curies":[{"name":"wp","href":"https:\/\/api.w.org\/{rel}","templated":true}]}}