{"id":12112,"date":"2020-10-26T06:10:10","date_gmt":"2020-10-26T10:10:10","guid":{"rendered":"https:\/\/monicavarela.com\/product\/import-placeholder-for-10116\/"},"modified":"2026-05-03T17:43:12","modified_gmt":"2026-05-03T21:43:12","slug":"maxi-sphere-stud-sterling-silver","status":"publish","type":"product","link":"https:\/\/monicavarela.com\/es\/product\/maxi-sphere-stud-sterling-silver\/","title":{"rendered":"Aretes Maxi Sphere"},"content":{"rendered":"<\/p>","protected":false},"excerpt":{"rendered":"<p>Monica Varela Jewelry empodera al opulento en busca de piezas de arte, dise\u00f1adas con detalles vanguardistas e infundidos por una imaginaci\u00f3n evolutiva y lo abstracto. Hecho a mano con \u00e9tica por artesanos de la Rep\u00fablica Dominicana con una mezcla elevada de t\u00e9cnicas de joyer\u00eda tradicionales y materiales de origen sostenible.<br \/>\n<span class=\"sptitle\">Aretes Maxi Esfera<\/span><\/p>","protected":false},"featured_media":33695,"template":"","meta":{"wds_primary_product_brand":0,"wds_primary_product_cat":0,"wds_primary_giftcard-category":0,"footnotes":"","_links_to":"","_links_to_target":""},"product_brand":[],"product_cat":[1007,92,1041],"product_tag":[991,1054,1056,943,1038],"giftcard-category":[],"class_list":{"0":"post-12112","1":"product","2":"type-product","3":"status-publish","4":"has-post-thumbnail","6":"product_cat-shop","7":"product_cat-hurita","8":"product_cat-the-mv-edit","9":"product_tag-for-her","10":"product_tag-platinum-micron-plating","11":"product_tag-silver","12":"product_tag-designeredit","13":"product_tag-holiday-edit","14":"product_shipping_class-y","15":"pa_by-type-earrings","16":"pa_collection-hurita","17":"pa_color-blazing-burgundy","18":"pa_color-jazzy-green","19":"pa_color-electric-blue","20":"pa_color-dote-red","21":"pa_color-thorne-black","22":"pa_material-925-sterling-silver","23":"pa_shop-for-babes","24":"pa_short-material-platinum-micron-plating","26":"first","27":"instock","28":"shipping-taxable","29":"purchasable","30":"product-type-variable","31":"has-default-attributes","32":"add-to-wishlist-before_image"},"_links":{"self":[{"href":"https:\/\/monicavarela.com\/es\/wp-json\/wp\/v2\/product\/12112","targetHints":{"allow":["GET"]}}],"collection":[{"href":"https:\/\/monicavarela.com\/es\/wp-json\/wp\/v2\/product"}],"about":[{"href":"https:\/\/monicavarela.com\/es\/wp-json\/wp\/v2\/types\/product"}],"version-history":[{"count":2,"href":"https:\/\/monicavarela.com\/es\/wp-json\/wp\/v2\/product\/12112\/revisions"}],"predecessor-version":[{"id":69371,"href":"https:\/\/monicavarela.com\/es\/wp-json\/wp\/v2\/product\/12112\/revisions\/69371"}],"wp:featuredmedia":[{"embeddable":true,"href":"https:\/\/monicavarela.com\/es\/wp-json\/wp\/v2\/media\/33695"}],"wp:attachment":[{"href":"https:\/\/monicavarela.com\/es\/wp-json\/wp\/v2\/media?parent=12112"}],"wp:term":[{"taxonomy":"product_brand","embeddable":true,"href":"https:\/\/monicavarela.com\/es\/wp-json\/wp\/v2\/product_brand?post=12112"},{"taxonomy":"product_cat","embeddable":true,"href":"https:\/\/monicavarela.com\/es\/wp-json\/wp\/v2\/product_cat?post=12112"},{"taxonomy":"product_tag","embeddable":true,"href":"https:\/\/monicavarela.com\/es\/wp-json\/wp\/v2\/product_tag?post=12112"},{"taxonomy":"giftcard-category","embeddable":true,"href":"https:\/\/monicavarela.com\/es\/wp-json\/wp\/v2\/giftcard-category?post=12112"}],"curies":[{"name":"wp","href":"https:\/\/api.w.org\/{rel}","templated":true}]}}